{"id":3,"date":"2023-02-07T09:07:21","date_gmt":"2023-02-07T09:07:21","guid":{"rendered":"https:\/\/staging.delthapharma.com\/?page_id=3"},"modified":"2023-05-23T15:35:40","modified_gmt":"2023-05-23T15:35:40","slug":"privacy-policy","status":"publish","type":"page","link":"https:\/\/delthapharma.com\/en\/privacy-policy\/","title":{"rendered":"Privacy Policy"},"content":{"rendered":"\n<p>This information is provided in compliance with Art. 13 of Regulation 2016\/679 (GDPR), pursuant to Art. 13 of Legislative Decree no. 196\/2003 (Personal Data Protection Code) to users accessing the website www.delthapharma.com and relates to all personal data processed in the manner indicated below.<\/p>\n\n\n\n<h3 class=\"wp-block-heading\"><strong>THE DATA CONTROLLER<\/strong><\/h3>\n\n\n\n<p>The Data Controller of the personal data collected is Deltha Pharma srl<\/p>\n\n\n\n<h3 class=\"wp-block-heading\"><strong>DATA COLLECTED<\/strong><\/h3>\n\n\n\n<p>The personal data processed are collected as supplied directly by the data subject or supplied automatically.<\/p>\n\n\n\n<p>1) Data provided directly by the data subject are all personal data that are provided to the Data Controller in any way, directly by the data subject.<\/p>\n\n\n\n<p>When you make a purchase from us, we ask you to provide information such as your name, billing address, shipping address, e-mail address, telephone number, credit card number\/payment details and optional account information such as your username and password.<\/p>\n\n\n\n<p>We will use this information for purposes such as:<\/p>\n\n\n\n<p>&#8211; We send you account and order information<\/p>\n\n\n\n<p>&#8211; Responding to your requests, including complaints and refunds<\/p>\n\n\n\n<p>&#8211; Processing payments and preventing fraud<\/p>\n\n\n\n<p>&#8211; Set up your account for our shop<\/p>\n\n\n\n<p>&#8211; Comply with all legal obligations incumbent on us, such as tax calculation<\/p>\n\n\n\n<p>&#8211; Enhance our shop offers<\/p>\n\n\n\n<p>&#8211; Send marketing messages, if you choose to receive them<\/p>\n\n\n\n<p>&#8211; If you create an account, we will store your name, address, email and phone number: this data will then be used to populate the checkout in your future orders.<\/p>\n\n\n\n<p>We generally keep your information as long as we need it for the purposes for which we collect and use the data and as long as we are legally required to continue to maintain it. For example, we store order information for 10 years for tax and accounting purposes. Such information includes name, email address, and billing and shipping addresses.<\/p>\n\n\n\n<p>2) The data collected automatically are navigation data. Although this data is not collected for the purpose of being associated with the user&#8217;s identity, it may indirectly, through processing and association with data collected by the Controller, allow the user to be identified.<\/p>\n\n\n\n<p>In particular, with reference to e-commerce the products you have viewed: we will use this information to, for example, show you the products you have recently viewed<\/p>\n\n\n\n<p>Location, IP address and browser type: we will use this information to estimate taxes and shipping<\/p>\n\n\n\n<h3 class=\"wp-block-heading\"><strong>USE OF COOKIES<\/strong><\/h3>\n\n\n\n<p>This site uses a cookie system to store your browsing settings.<\/p>\n\n\n\n<p>By using this website, you acknowledge and agree that we will store these cookies on the computer you are using.<\/p>\n\n\n\n<p>We will also use cookies to keep track of your shopping cart contents while you are browsing our site.<\/p>\n\n\n\n<p>You can also choose not to use cookies by disabling cookies in the browser you use to browse this site. If you opt out of such cookies, the features listed here will not be available to you.<\/p>\n\n\n\n<h4 class=\"wp-block-heading\"><strong>Use of Third Party Cookies<\/strong><\/h4>\n\n\n\n<p>This website uses a statistics system provided by Google Analytics.<\/p>\n\n\n\n<p>Cookies and IP data are only recorded to enable the collection of anonymous statistical information on the use of the site, but will not be retained for any further purposes.<\/p>\n\n\n\n<p>The information generated by the cookies will be transferred to and stored by Google on servers in the USA. Google will not associate your IP address with any other data held by Google.<\/p>\n\n\n\n<p>You may refuse the use of cookies by selecting the appropriate settings on your browser, however please note that if you do this you may not be able to use the full functionality of this website. By using www.delthapharma.com, you consent to the processing of data about you by Google in the manner and for the purposes set out above. Google Analytics is provided by Google Inc. 1600 Amphitheatre Parkway &#8211; Mountain View CA 94043, USA.<\/p>\n\n\n\n<p>For further details, please see Google&#8217;s privacy policy.<\/p>\n\n\n\n<p>We accept payments via PayPal.<\/p>\n\n\n\n<p>During payment processing, certain information is transferred to PayPal, including information needed to process or support the payment, such as total purchase and billing information.<\/p>\n\n\n\n<p>For more details, please see PayPal&#8217;s privacy policy.<\/p>\n\n\n\n<p>We accept payment through Amazon Pay.<\/p>\n\n\n\n<p>By using the services provided or made available by Amazon Payments, Inc. you consent to the practices described in Amazon&#8217;s Privacy Policy.<\/p>\n\n\n\n<h3 class=\"wp-block-heading\"><strong>LEGAL BASIS AND PURPOSE OF PROCESSING<\/strong><\/h3>\n\n\n\n<p>Data are processed exclusively for the purposes for which they are collected, as described below.<\/p>\n\n\n\n<p>We use the data provided by data subjects for:<\/p>\n\n\n\n<p>The provision of the data listed in the &#8220;Data Collected&#8221; section for the purposes referred to in point 1 is mandatory in order to allow the user to access the service. For this reason, consent is compulsory and any refusal to process or the failure, inaccuracy or incompleteness of the data may result in the impossibility of proper provision of the service.<\/p>\n\n\n\n<p>The provision of data for the purpose of sending newsletters for promotional, informative or research purposes is optional. Deltha Pharma srl does not provide third parties with any of your information without your consent, except where required by law.<\/p>\n\n\n\n<h3 class=\"wp-block-heading\"><strong>REVOCATION OF CONSENT<\/strong><\/h3>\n\n\n\n<p>The interested party may revoke his\/her consent to receive promotional and commercial communications immediately, by sending a request to the email address info@delthapharma.it or by clicking on the unsubscribe link that can be found in the footer of each promotional and commercial email received.<\/p>\n\n\n\n<h3 class=\"wp-block-heading\"><strong>METHODS OF PROCESSING<\/strong><\/h3>\n\n\n\n<p>Personal data are processed by automated tools for the time strictly necessary to achieve the purposes for which they were collected.<\/p>\n\n\n\n<p>The data is normally processed at the offices of Deltha Pharma srl, by staff or external collaborators duly appointed as data processors.<\/p>\n\n\n\n<p>The complete list of data processors and persons in charge of the processing of personal data can be requested by sending an email to: <a href=\"mailto:info@delthapharma.it\">info@delthapharma.it<\/a>.<\/p>\n\n\n\n<p>In addition, both administrators and shop managers have access to:<\/p>\n\n\n\n<p>Order information such as, purchased item, purchase date and shipping location and Customer information such as your name, email address and billing and shipping information.<\/p>\n\n\n\n<p>Our team members have access to this information to help fulfil orders, process refunds and support you.<\/p>\n\n\n\n<p>Specific security measures are observed to prevent data loss, unlawful or incorrect use and unauthorised access.<\/p>\n\n\n\n<h3 class=\"wp-block-heading\"><strong>RIGHTS OF THE DATA SUBJECT<\/strong><\/h3>\n\n\n\n<p>Pursuant to Art. 7 of the Privacy Code and Art. 13 GDPR each user has the right to obtain confirmation of the existence or non-existence of his\/her personal data, even if not yet registered, and their communication in intelligible form.<\/p>\n\n\n\n<p>In particular, the data subject has the right to obtain from Deltha Pharma srl the indication of:<\/p>\n\n\n\n<p>the origin of the personal data<\/p>\n\n\n\n<p>the purposes and methods of processing<\/p>\n\n\n\n<p>the logic applied in the case of processing carried out with the aid of electronic\/informatic instruments<\/p>\n\n\n\n<p>the identity of the data controller, data processors and the designated representative;<\/p>\n\n\n\n<p>Furthermore, the data subject has the right to obtain<\/p>\n\n\n\n<p>the updating, rectification or supplementation of their data;<\/p>\n\n\n\n<p>the cancellation, transformation into anonymous form or blocking of data processed in breach of the law;<\/p>\n\n\n\n<p>access to their own data, i.e. confirmation as to whether or not personal data concerning them is being processed;<\/p>\n\n\n\n<p>the restriction of processing;<\/p>\n\n\n\n<p>data portability, i.e. the right to receive personal data concerning him\/her in a structured format;<\/p>\n\n\n\n<p>the right to complain to the Supervisory Authority.<\/p>\n\n\n\n<p>Finally, the data subject has the right to object, in whole or in part, on legitimate grounds, to the processing of personal data concerning him\/her, even if pertinent to the purpose of collection.<\/p>\n\n\n\n<p>In particular, the data subject has the right to object to the processing of personal data concerning him\/her for the purpose of sending commercial advertising material or direct sales or for carrying out market research or commercial communication.<\/p>\n\n\n\n<p>Requests under the above points should be sent by email to info@delthapharma.it.<\/p>\n\n\n\n<h3 class=\"wp-block-heading\"><strong>UPDATES AND CHANGES<\/strong><\/h3>\n\n\n\n<p>Deltha Pharma srl reserves the right to amend, supplement or update this Privacy Policy from time to time in compliance with applicable legislation or the provisions adopted by the Italian Data Protection Authority.<\/p>\n\n\n\n<p>The aforementioned amendments or additions will be brought to the attention of the interested parties through a link to the Privacy Policy page on the website and will be communicated directly to the interested parties by email.<\/p>\n\n\n\n<p>We invite users to read the Privacy Policy regularly in order to check the updated information and decide whether or not to continue using the services offered.<\/p>\n","protected":false},"excerpt":{"rendered":"<p>This information is provided in compliance with Art. 13 of Regulation 2016\/679 (GDPR), pursuant to Art. 13 of Legislative Decree no. 196\/2003 (Personal Data Protection Code) to users accessing the website www.delthapharma.com and relates to all personal data processed in the manner indicated below. THE DATA CONTROLLER The Data Controller of the personal data collected [&hellip;]<\/p>\n","protected":false},"author":1,"featured_media":0,"parent":0,"menu_order":0,"comment_status":"closed","ping_status":"closed","template":"","meta":{"_et_pb_use_builder":"off","_et_pb_old_content":"<!-- wp:paragraph -->\n<p>La presente informativa viene resa in ossequio all\u2019art. 13 del Regolamento 2016\/679 (GDPR), ai sensi dell\u2019art. 13 del d.lgs. n. 196\/2003 (Codice in materia di protezione dei dati personali) agli utenti che accedono al sito web www.delthapharma.it ed \u00e8 relativa a tutti i dati personali trattati secondo le modalit\u00e0 di seguito indicate.<\/p>\n<!-- \/wp:paragraph -->\n\n<!-- wp:heading {\"level\":3} -->\n<h3>IL TITOLARE DEL TRATTAMENTO<\/h3>\n<!-- \/wp:heading -->\n\n<!-- wp:paragraph -->\n<p>Il Titolare del trattamento dei dati personali raccolti \u00e8&nbsp;<em>Deltha Pharma srl<\/em><\/p>\n<!-- \/wp:paragraph -->\n\n<!-- wp:heading {\"level\":3} -->\n<h3>DATI RACCOLTI<\/h3>\n<!-- \/wp:heading -->\n\n<!-- wp:paragraph -->\n<p>I dati personali trattati sono raccolti in quanto forniti direttamente dall\u2019interessato o forniti automaticamente.<\/p>\n<!-- \/wp:paragraph -->\n\n<!-- wp:paragraph -->\n<p>1) I dati forniti direttamente dall\u2019interessato sono tutti i dati personali che siano forniti al Titolare del Trattamento con qualsiasi modalit\u00e0, direttamente dall\u2019interessato.<br>Quando effettui un acquisto presso di noi, ti invitiamo a fornire informazioni quali nome, indirizzo di fatturazione, indirizzo di spedizione, indirizzo e-mail, numero di telefono, numero di carta di credito\/dettagli del pagamento e informazioni opzionali sull\u2019account, come il nome utente e la password.<\/p>\n<!-- \/wp:paragraph -->\n\n<!-- wp:paragraph -->\n<p>Useremo queste informazioni per scopi quali:<\/p>\n<!-- \/wp:paragraph -->\n\n<!-- wp:paragraph -->\n<p>\u2013 Ti inviamo informazioni sull\u2019account e sull\u2019ordine<br>\u2013 Rispondiamo alle tue richieste, inclusi reclami e rimborsi<br>\u2013 Elaborazione dei pagamenti e prevenzione delle frodi<br>\u2013 Configura il tuo account per il nostro negozio<br>\u2013 Rispetta tutti gli obblighi legali a nostro carico, come il calcolo delle imposte<br>\u2013 Migliora le offerte del nostro negozio<br>\u2013 Invio di messaggi di marketing, se scegli di riceverli<br>\u2013 Se crei un account, archivieremo il tuo nome, indirizzo, email e numero di telefono: questi dati verranno poi usati per popolare la cassa nei tuoi ordini futuri.<br>In generale conserviamo le tue informazioni finch\u00e9 ne abbiamo bisogno per le finalit\u00e0 per le quali raccogliamo e utilizziamo i dati e finch\u00e9 siamo legalmente tenuti a continuare a mantenerli. Ad esempio, archiviamo le informazioni sull\u2019ordine per 10 anni per ragioni fiscali e di contabilit\u00e0. Tali informazioni includono nome, indirizzo e-mail e indirizzi di fatturazione e spedizione.<\/p>\n<!-- \/wp:paragraph -->\n\n<!-- wp:paragraph -->\n<p>2) I dati raccolti automaticamente sono i dati di navigazione. Tali dati, pur non essendo raccolti al fine di essere associati all\u2019identit\u00e0 dell\u2019utente, potrebbero indirettamente, mediante elaborazione e associazioni con dati raccolti dal Titolare, consentire la sua identificazione.<br>In particolare, in riferimento all\u2019e-commerce:<br>i prodotti che hai visualizzato: utilizzeremo queste informazioni per, ad esempio, mostrarti i prodotti che hai visualizzato di recente<br>Posizione, indirizzo IP e tipo di browser: useremo queste informazioni per una stima di imposte e spedizione<\/p>\n<!-- \/wp:paragraph -->\n\n<!-- wp:heading {\"level\":3} -->\n<h3>UTILIZZO DEI COOKIES<\/h3>\n<!-- \/wp:heading -->\n\n<!-- wp:paragraph -->\n<p>Questo sito utilizza un sistema di cookies per memorizzare le impostazioni di navigazione dell\u2019utente.<br>Utilizzando questo sito prendi atto e acconsenti del fatto che verranno memorizzati tali cookies nel computer che stai utilizzando.<br>Useremo i cookie anche per tenere traccia del contenuto del carrello mentre stai navigando sul nostro sito.<br>Puoi anche scegliere di non utilizzare tali cookies disabilitandoli nel browser che utilizzi per navigare su questo sito. Rinunciando a tali cookie le funzionalit\u00e0 qui indicate non saranno per te disponibili.<\/p>\n<!-- \/wp:paragraph -->\n\n<!-- wp:paragraph -->\n<p><strong>Utilizzo dei Cookies di terze parti<\/strong><\/p>\n<!-- \/wp:paragraph -->\n\n<!-- wp:paragraph -->\n<p>Questo sito utilizza un sistema di statistiche fornito da Analytics di Google.<br>I cookies e i dati IP sono registrati solo e unicamente per consentire di ricavare informazioni statistiche anonime sull\u2019uso del sito, ma non saranno trattenuti per scopi ulteriori.<br>Le informazioni generate dai cookies saranno trasferite e salvate sui server di Google negli Stati Uniti. Google non assocer\u00e0 il tuo indirizzo IP a nessun altro dato posseduto da Google.<br>E\u2019 possibile scegliere di non usare i cookies selezionando l\u2019impostazione appropriata sul tuo browser, ma ci\u00f2 potrebbe impedirti di utilizzare tutte le funzionalit\u00e0 offerte da questo sito web. Utilizzando www.delthapharma.it, acconsentite al trattamento dei vostri dati da parte di Google per le modalit\u00e0 e i fini sopraindicati. Google Analytics \u00e8 erogato da&nbsp;<em>Google Inc. 1600 Amphitheatre Parkway \u2013 Mountain View CA 94043, USA<\/em>.<br>Per ulteriori dettagli, consulta la&nbsp;<a href=\"https:\/\/www.google.com\/intl\/it\/analytics\/privacyoverview.html\">privacy policy di Google<\/a><\/p>\n<!-- \/wp:paragraph -->\n\n<!-- wp:paragraph -->\n<p>Accettiamo pagamenti tramite PayPal.<br>Durante l\u2019elaborazione dei pagamenti, alcuni dati vengono trasferiti a PayPal, incluse le informazioni necessarie per elaborare o supportare il pagamento, come il totale degli acquisti e i dati di fatturazione.<br>Per ulteriori dettagli, consulta la&nbsp;<a href=\"https:\/\/www.paypal.com\/us\/webapps\/mpp\/ua\/privacy-full\">privacy policy di PayPal<\/a><\/p>\n<!-- \/wp:paragraph -->\n\n<!-- wp:paragraph -->\n<p>Accettiamo pagamenti tramite Amazon Pay.<br>Utilizzando i servizi forniti o resi disponibili da Amazon Payments, Inc., acconsenti alle pratiche descritte nell\u2019&nbsp;<a href=\"https:\/\/www.amazon.com\/gp\/help\/customer\/display.html\/ref=asus_gen_not?ie=UTF8&amp;nodeId=468496&amp;ld=ELNALPA-docs.woocommerce.com\">Informativa sulla privacy di Amazon.<\/a><\/p>\n<!-- \/wp:paragraph -->\n\n<!-- wp:heading {\"level\":3} -->\n<h3>BASE GIURIDICA E FINALITA\u2019 DEL TRATTAMENTO<\/h3>\n<!-- \/wp:heading -->\n\n<!-- wp:paragraph -->\n<p>I dati sono trattati esclusivamente per le finalit\u00e0 per le quali sono raccolti, come di seguito descritte.<br>Utilizziamo i dati forniti dagli interessati per:<br>Il conferimento dei dati elencati nella sezione \u201cDati Raccolti\u201d per le finalit\u00e0 di cui al punto 1 \u00e8 obbligatorio per consentire all\u2019utente di accedere al servizio. Per tale ragione il consenso \u00e8 obbligatorio e l\u2019eventuale rifiuto al trattamento ovvero il mancato, inesatto o parziale conferimento dei dati potrebbe avere come conseguenza l\u2019impossibilit\u00e0 di una corretta erogazione del servizio.<br>Il conferimento dei dati per le finalit\u00e0 di invio newsletter per scopi promozionali, informativi o di ricerca \u00e8 facoltativo.&nbsp;<em>Deltha Pharma srl<\/em>&nbsp;non fornisce a terze parti nessuna delle informazioni degli utenti senza il loro consenso, salvo ove richiesto dalla legge.<\/p>\n<!-- \/wp:paragraph -->\n\n<!-- wp:heading {\"level\":3} -->\n<h3>REVOCA DEL CONSENSO<\/h3>\n<!-- \/wp:heading -->\n\n<!-- wp:paragraph -->\n<p>L\u2019interessato pu\u00f2 revocare il proprio consenso alla ricezione di comunicazioni promozionali e commerciali immediatamente, inviando richiesta all\u2019indirizzo email info@delthapharma.it oppure cliccando sull\u2019apposito link di disiscrizione che potr\u00e0 trovare nel footer di ogni mail promozionale e commerciale ricevuta.<\/p>\n<!-- \/wp:paragraph -->\n\n<!-- wp:heading {\"level\":3} -->\n<h3>MODALITA\u2019 DEL TRATTAMENTO<\/h3>\n<!-- \/wp:heading -->\n\n<!-- wp:paragraph -->\n<p>I dati personali sono trattati con strumenti automatizzati per il tempo strettamente necessario a conseguire gli scopi per cui sono stati raccolti.<br>Il trattamento dei dati avviene di norma presso la sede di&nbsp;<em>Deltha Pharma srl<\/em>, da personale o collaboratori esterni debitamente designati quali responsabili del trattamento.<br>L\u2019elenco completo dei responsabili del trattamento e degli Incaricati al trattamento dei dati personali pu\u00f2 essere richiesto inviando apposita richiesta all\u2019indirizzo email: info@delthapharma.it<br>Inoltre sia gli amministratori che gli shop manager possono accedere a:<br>Informazioni sull\u2019ordine quali, oggetto acquistato, data di acquisto e luogo di spedizione e Informazioni sul cliente come il tuo nome, indirizzo email e informazioni di fatturazione e spedizione.<br>I membri del nostro team hanno accesso a queste informazioni per aiutare a soddisfare gli ordini, elaborare i rimborsi e supportarti.<br>Specifiche misure di sicurezza sono osservate per prevenire la perdita dei dati, usi illeciti o non corretti ed accessi non autorizzati.<\/p>\n<!-- \/wp:paragraph -->\n\n<!-- wp:heading {\"level\":3} -->\n<h3>DIRITTI DELL\u2019INTERESSATO<\/h3>\n<!-- \/wp:heading -->\n\n<!-- wp:paragraph -->\n<p>Ai sensi dell\u2019art. 7 del Codice della Privacy e dell\u2019art. 13 GDPR ciascun utente ha diritto di ottenere la conferma dell\u2019esistenza o meno dei suoi dati personali, anche se non ancora registrati, e la loro comunicazione in forma intellegibile.<\/p>\n<!-- \/wp:paragraph -->\n\n<!-- wp:paragraph -->\n<p>In particolare, l\u2019interessato ha diritto di ottenere da&nbsp;<em>Deltha Pharma srl<\/em>&nbsp;l\u2019indicazione:<\/p>\n<!-- \/wp:paragraph -->\n\n<!-- wp:paragraph -->\n<p>dell\u2019origine dei dati personali;<br>della finalit\u00e0 e delle modalit\u00e0 di trattamento;<br>della logica applicata in caso di trattamento effettuato con l\u2019ausilio di strumenti elettronici\/informatici;<br>gli estremi identificativi del titolare, dei responsabili e del rappresentante designato;<\/p>\n<!-- \/wp:paragraph -->\n\n<!-- wp:paragraph -->\n<p>Inoltre l\u2019interessato ha diritto di ottenere:<\/p>\n<!-- \/wp:paragraph -->\n\n<!-- wp:paragraph -->\n<p>l\u2019aggiornamento, la rettificazione ovvero l\u2019integrazione dei propri dati;<br>la cancellazione, la trasformazione in forma anonima o il blocco dei dati trattati in violazione di legge;<br>l\u2019accesso ai propri dati e cio\u00e8 la conferma che sia o meno in corso un trattamento didati personali che lo riguardano;<br>la limitazione del trattamento;<br>la portabilit\u00e0 del dato, cio\u00e8 il diritto di ricevere in formato strutturato i dati personali che lo riguardano;<br>diritto di reclamo all\u2019Autorit\u00e0 di controllo.<\/p>\n<!-- \/wp:paragraph -->\n\n<!-- wp:paragraph -->\n<p>Infine l\u2019interessato ha il diritto di opporsi, in tutto o in parte, per motivi legittimi al trattamento dei dati personali che lo riguardano, ancorch\u00e9 pertinenti allo scopo della raccolta.<br>In particolare l\u2019interessato ha il diritto di opporsi al trattamento di dati personali che lo riguardano ai fini di invio di materiale pubblicitario commerciale o di vendita diretta o per il compimento di ricerche di mercato o di comunicazione commerciale.<\/p>\n<!-- \/wp:paragraph -->\n\n<!-- wp:paragraph -->\n<p>Le richieste di cui ai punti precedenti dovranno essere inviate via email all\u2019indirizzo info@delthapharma.it<\/p>\n<!-- \/wp:paragraph -->\n\n<!-- wp:heading {\"level\":3} -->\n<h3>AGGIORNAMENTI E MODIFICHE<\/h3>\n<!-- \/wp:heading -->\n\n<!-- wp:paragraph -->\n<p><em>Deltha Pharma srl<\/em>&nbsp;si riserva il diritto di modificare, integrare o aggiornare periodicamente la presente Informativa in ossequio alla normativa applicabile o ai provvedimenti adottati dal Garante per la Protezione dei dati personali.<br>Le suddette modifiche o integrazioni saranno portate a conoscenza degli interessati mediante link alla pagina di Privacy Policy presente nel sito web e saranno comunicate direttamente agli interessati a mezzo email.<br>Invitiamo gli utenti a prendere visione della Privacy Policy con regolarit\u00e0, per verificare l\u2019Informativa aggiornata e decidere se continuare o meno ad usufruire dei servizi offerti.<\/p>\n<!-- \/wp:paragraph -->","_et_gb_content_width":"1335","footnotes":""},"class_list":["post-3","page","type-page","status-publish","hentry"],"_links":{"self":[{"href":"https:\/\/delthapharma.com\/en\/wp-json\/wp\/v2\/pages\/3","targetHints":{"allow":["GET"]}}],"collection":[{"href":"https:\/\/delthapharma.com\/en\/wp-json\/wp\/v2\/pages"}],"about":[{"href":"https:\/\/delthapharma.com\/en\/wp-json\/wp\/v2\/types\/page"}],"author":[{"embeddable":true,"href":"https:\/\/delthapharma.com\/en\/wp-json\/wp\/v2\/users\/1"}],"replies":[{"embeddable":true,"href":"https:\/\/delthapharma.com\/en\/wp-json\/wp\/v2\/comments?post=3"}],"version-history":[{"count":0,"href":"https:\/\/delthapharma.com\/en\/wp-json\/wp\/v2\/pages\/3\/revisions"}],"wp:attachment":[{"href":"https:\/\/delthapharma.com\/en\/wp-json\/wp\/v2\/media?parent=3"}],"curies":[{"name":"wp","href":"https:\/\/api.w.org\/{rel}","templated":true}]}}