{"id":1046,"date":"2023-02-10T08:04:17","date_gmt":"2023-02-10T08:04:17","guid":{"rendered":"https:\/\/staging.delthapharma.com\/?page_id=1046"},"modified":"2023-11-01T12:23:35","modified_gmt":"2023-11-01T12:23:35","slug":"investigacion-y-desarrollo","status":"publish","type":"page","link":"https:\/\/delthapharma.com\/es\/investigacion-y-desarrollo\/","title":{"rendered":"Investigaci\u00f3n y desarrollo"},"content":{"rendered":"<p>[et_pb_section fb_built=\u00bb1&#8243; _builder_version=\u00bb4.19.5&#8243; _module_preset=\u00bbdefault\u00bb background_color=\u00bbrgba(25,115,150,0.45)\u00bb background_image=\u00bbhttps:\/\/delthapharma.com\/en\/wp-content\/uploads\/2023\/02\/top-ricerca-e-sviluppo-scaled.jpg\u00bb background_blend=\u00bbmultiply\u00bb mix_blend_mode=\u00bbmultiply\u00bb global_colors_info=\u00bb{}\u00bb][et_pb_row _builder_version=\u00bb4.19.5&#8243; _module_preset=\u00bbdefault\u00bb width_tablet=\u00bb\u00bb width_phone=\u00bb100%\u00bb width_last_edited=\u00bbon|phone\u00bb custom_padding=\u00bb|20px||20px|false|true\u00bb global_colors_info=\u00bb{}\u00bb][et_pb_column type=\u00bb4_4&#8243; _builder_version=\u00bb4.19.5&#8243; _module_preset=\u00bbdefault\u00bb global_colors_info=\u00bb{}\u00bb][et_pb_text _builder_version=\u00bb4.19.5&#8243; _dynamic_attributes=\u00bbcontent\u00bb _module_preset=\u00bbdefault\u00bb text_text_color=\u00bb#FFFFFF\u00bb text_font_size=\u00bb42px\u00bb text_orientation=\u00bbcenter\u00bb text_font_size_tablet=\u00bb42px\u00bb text_font_size_phone=\u00bb36px\u00bb text_font_size_last_edited=\u00bbon|desktop\u00bb custom_css_main_element=\u00bbfont-weight: 400;\u00bb global_colors_info=\u00bb{}\u00bb]@ET-DC@eyJkeW5hbWljIjp0cnVlLCJjb250ZW50IjoicG9zdF90aXRsZSIsInNldHRpbmdzIjp7ImJlZm9yZSI6IiIsImFmdGVyIjoiIn19@[\/et_pb_text][\/et_pb_column][\/et_pb_row][\/et_pb_section][et_pb_section fb_built=\u00bb1&#8243; next_background_color=\u00bb#ffffff\u00bb _builder_version=\u00bb4.19.5&#8243; _module_preset=\u00bbdefault\u00bb background_color=\u00bb#EDF2F7&#8243; min_height=\u00bb593.7px\u00bb bottom_divider_style=\u00bbslant2&#8243; bottom_divider_repeat=\u00bb1x\u00bb bottom_divider_flip=\u00bbvertical\u00bb global_colors_info=\u00bb{}\u00bb][et_pb_row column_structure=\u00bb1_2,1_2&#8243; _builder_version=\u00bb4.19.5&#8243; _module_preset=\u00bbdefault\u00bb width_tablet=\u00bb\u00bb width_phone=\u00bb100%\u00bb width_last_edited=\u00bbon|phone\u00bb custom_padding=\u00bb|20px||20px|false|true\u00bb border_radii=\u00bbon|3px|3px|3px|3px\u00bb global_colors_info=\u00bb{}\u00bb][et_pb_column type=\u00bb1_2&#8243; _builder_version=\u00bb4.19.5&#8243; _module_preset=\u00bbdefault\u00bb global_colors_info=\u00bb{}\u00bb][et_pb_text _builder_version=\u00bb4.23&#8243; _module_preset=\u00bbdefault\u00bb text_font=\u00bb||||||||\u00bb custom_css_main_element=\u00bbfont-weight: 400;\u00bb global_colors_info=\u00bb{}\u00bb]El punto clave de Deltha Pharma es su Departamento de Investigaci\u00f3n y Desarrollo, compuesto por diversos profesionales que est\u00e1n constantemente en busca de nuevos materiales y los respectivos ensayos y resultados cl\u00ednicos. Cada a\u00f1o, en base a la investigaci\u00f3n y las necesidades de la poblaci\u00f3n, se formulan una gran cantidad de productos nuevos e innovadores. Despu\u00e9s de la formulaci\u00f3n, se analizan y prueban muestras de productos. Solo despu\u00e9s de completar estas pruebas comienza la producci\u00f3n de los nuevos suplementos.<\/p>\n<p>Los materiales primos utilizados son casi exclusivamente patentes y sustancias portadoras para mejorar la biodisponibilidad de los ingredientes activos.<\/p>\n<p>En 2020, Deltha Pharma firm\u00f3 un acuerdo con la Universit\u00e0 Cattolica del Sacro Cuore en Roma, obteniendo una licencia exclusiva a nivel mundial para la patente de un consorcio bacteriano formulado por profesores del Hospital Policlinico A. Gemelli en Roma. Esto se comercializa bajo la marca MASUROTA\u00ae.[\/et_pb_text][\/et_pb_column][et_pb_column type=\u00bb1_2&#8243; _builder_version=\u00bb4.19.5&#8243; _module_preset=\u00bbdefault\u00bb global_colors_info=\u00bb{}\u00bb][et_pb_image src=\u00bbhttps:\/\/delthapharma.com\/en\/wp-content\/uploads\/2023\/02\/ricerca-e-sviluppo.jpg\u00bb alt=\u00bbdeltha pharma ricerca e sviluppo\u00bb title_text=\u00bbricerca-e-sviluppo\u00bb _builder_version=\u00bb4.19.5&#8243; _module_preset=\u00bbdefault\u00bb global_colors_info=\u00bb{}\u00bb][\/et_pb_image][\/et_pb_column][\/et_pb_row][\/et_pb_section][et_pb_section fb_built=\u00bb1&#8243; _builder_version=\u00bb4.19.5&#8243; _module_preset=\u00bbdefault\u00bb background_enable_color=\u00bboff\u00bb top_divider_flip=\u00bbhorizontal\u00bb bottom_divider_repeat=\u00bb1x\u00bb bottom_divider_flip=\u00bbvertical\u00bb global_colors_info=\u00bb{}\u00bb][et_pb_row column_structure=\u00bb1_2,1_2&#8243; _builder_version=\u00bb4.19.5&#8243; _module_preset=\u00bbdefault\u00bb width_tablet=\u00bb\u00bb width_phone=\u00bb100%\u00bb width_last_edited=\u00bbon|phone\u00bb custom_padding=\u00bb|20px||20px|false|true\u00bb border_radii=\u00bbon|3px|3px|3px|3px\u00bb global_colors_info=\u00bb{}\u00bb][et_pb_column type=\u00bb1_2&#8243; _builder_version=\u00bb4.19.5&#8243; _module_preset=\u00bbdefault\u00bb global_colors_info=\u00bb{}\u00bb][et_pb_slider arrows_custom_color=\u00bb#EDF2F7&#8243; dot_nav_custom_color=\u00bb#EDF2F7&#8243; _builder_version=\u00bb4.22.1&#8243; _module_preset=\u00bbdefault\u00bb background_enable_image=\u00bboff\u00bb min_height=\u00bb380px\u00bb auto=\u00bbon\u00bb global_colors_info=\u00bb{}\u00bb][et_pb_slide _builder_version=\u00bb4.22.1&#8243; _module_preset=\u00bbdefault\u00bb background_enable_color=\u00bboff\u00bb background_image=\u00bbhttps:\/\/delthapharma.com\/en\/wp-content\/uploads\/2023\/09\/formazione-e-aggiornamenti-01.jpeg\u00bb background_enable_image=\u00bbon\u00bb background_size=\u00bbinitial\u00bb global_colors_info=\u00bb{}\u00bb sticky_transition=\u00bbon\u00bb][\/et_pb_slide][et_pb_slide _builder_version=\u00bb4.22.1&#8243; _module_preset=\u00bbdefault\u00bb background_enable_color=\u00bboff\u00bb background_image=\u00bbhttps:\/\/delthapharma.com\/en\/wp-content\/uploads\/2023\/09\/formazione-e-aggiornamenti-02.jpeg\u00bb background_enable_image=\u00bbon\u00bb background_size=\u00bbinitial\u00bb global_colors_info=\u00bb{}\u00bb sticky_transition=\u00bbon\u00bb][\/et_pb_slide][et_pb_slide _builder_version=\u00bb4.22.1&#8243; _module_preset=\u00bbdefault\u00bb background_enable_color=\u00bboff\u00bb background_image=\u00bbhttps:\/\/delthapharma.com\/en\/wp-content\/uploads\/2023\/09\/formazione-e-aggiornamenti-03.jpeg\u00bb background_enable_image=\u00bbon\u00bb background_size=\u00bbinitial\u00bb global_colors_info=\u00bb{}\u00bb sticky_transition=\u00bbon\u00bb][\/et_pb_slide][et_pb_slide _builder_version=\u00bb4.22.1&#8243; _module_preset=\u00bbdefault\u00bb background_enable_color=\u00bboff\u00bb background_image=\u00bbhttps:\/\/delthapharma.com\/en\/wp-content\/uploads\/2023\/09\/formazione-e-aggiornamenti-04.jpeg\u00bb background_enable_image=\u00bbon\u00bb background_size=\u00bbinitial\u00bb global_colors_info=\u00bb{}\u00bb sticky_transition=\u00bbon\u00bb][\/et_pb_slide][\/et_pb_slider][\/et_pb_column][et_pb_column type=\u00bb1_2&#8243; _builder_version=\u00bb4.19.5&#8243; _module_preset=\u00bbdefault\u00bb global_colors_info=\u00bb{}\u00bb][et_pb_text _builder_version=\u00bb4.23&#8243; _module_preset=\u00bbdefault\u00bb text_font=\u00bb||||||||\u00bb position_origin_a=\u00bbcenter_center\u00bb vertical_offset=\u00bb55px\u00bb vertical_offset_tablet=\u00bb0px\u00bb vertical_offset_phone=\u00bb0px\u00bb vertical_offset_last_edited=\u00bbon|tablet\u00bb position_origin_a_tablet=\u00bbcenter_center\u00bb position_origin_a_phone=\u00bbcenter_center\u00bb position_origin_a_last_edited=\u00bbon|desktop\u00bb position_origin_f_tablet=\u00bb\u00bb position_origin_f_phone=\u00bb\u00bb position_origin_f_last_edited=\u00bbon|desktop\u00bb width=\u00bb100%\u00bb hover_enabled=\u00bb0&#8243; custom_css_main_element=\u00bbfont-weight: 400;\u00bb global_colors_info=\u00bb{}\u00bb sticky_enabled=\u00bb0&#8243;]<\/p>\n<h2>Seminarios de formaci\u00f3n y educaci\u00f3n.<\/h2>\n<p>Los Seminarios de Formaci\u00f3n y Educaci\u00f3n de Deltha Pharma ofrecen una amplia lista de productos presentados a la comunidad m\u00e9dica por una red de representantes m\u00e9dicos altamente competentes y experimentados en todo el territorio nacional.<\/p>\n<p>Toda la informaci\u00f3n sobre los productos que se les proporciona a los m\u00e9dicos es validada por un comit\u00e9 formado por profesores universitarios consultores, quienes no solo verifican la correcci\u00f3n y claridad de la presentaci\u00f3n, sino que tambi\u00e9n respaldan la comercializaci\u00f3n de los productos a trav\u00e9s de estudios cl\u00ednicos llevados a cabo en los centros de salud p\u00fablicos y privados m\u00e1s reconocidos.<\/p>\n<p>[\/et_pb_text][\/et_pb_column][\/et_pb_row][\/et_pb_section][et_pb_section fb_built=\u00bb1&#8243; prev_background_color=\u00bb#ffffff\u00bb next_background_color=\u00bb#ffffff\u00bb _builder_version=\u00bb4.19.5&#8243; _module_preset=\u00bbdefault\u00bb background_color=\u00bb#EDF2F7&#8243; top_divider_style=\u00bbramp2&#8243; top_divider_flip=\u00bbvertical\u00bb bottom_divider_style=\u00bbramp2&#8243; bottom_divider_repeat=\u00bb1x\u00bb bottom_divider_flip=\u00bbhorizontal\u00bb global_colors_info=\u00bb{}\u00bb][et_pb_row column_structure=\u00bb1_2,1_2&#8243; _builder_version=\u00bb4.19.5&#8243; _module_preset=\u00bbdefault\u00bb width_tablet=\u00bb\u00bb width_phone=\u00bb100%\u00bb width_last_edited=\u00bbon|phone\u00bb custom_padding=\u00bb|20px||20px|false|true\u00bb border_radii=\u00bbon|3px|3px|3px|3px\u00bb global_colors_info=\u00bb{}\u00bb][et_pb_column type=\u00bb1_2&#8243; _builder_version=\u00bb4.19.5&#8243; _module_preset=\u00bbdefault\u00bb global_colors_info=\u00bb{}\u00bb][et_pb_text _builder_version=\u00bb4.23&#8243; _module_preset=\u00bbdefault\u00bb text_font=\u00bb||||||||\u00bb custom_css_main_element=\u00bbfont-weight: 400;\u00bb global_colors_info=\u00bb{}\u00bb]<\/p>\n<h2>El Congreso M\u00e9dico<\/h2>\n<p>El Congreso M\u00e9dico de Deltha Pharma presenta la lista de productos a los profesionales m\u00e9dicos a trav\u00e9s de una red de representantes m\u00e9dicos altamente competentes y experimentados en todo el territorio nacional. Toda la informaci\u00f3n sobre los productos para los m\u00e9dicos es validada por un comit\u00e9 formado por profesores universitarios consultores que no solo verifican la correcci\u00f3n y claridad de la presentaci\u00f3n, sino que tambi\u00e9n respaldan la comercializaci\u00f3n de los productos a trav\u00e9s de estudios cl\u00ednicos realizados en los centros de salud p\u00fablicos y privados m\u00e1s acreditados.<\/p>\n<p>[\/et_pb_text][\/et_pb_column][et_pb_column type=\u00bb1_2&#8243; _builder_version=\u00bb4.19.5&#8243; _module_preset=\u00bbdefault\u00bb global_colors_info=\u00bb{}\u00bb][et_pb_slider arrows_custom_color=\u00bb#EDF2F7&#8243; dot_nav_custom_color=\u00bb#EDF2F7&#8243; _builder_version=\u00bb4.21.0&#8243; _module_preset=\u00bbdefault\u00bb background_image=\u00bbhttps:\/\/delthapharma.com\/en\/wp-content\/uploads\/2023\/02\/formazione-e-aggiornamenti-03.jpeg\u00bb min_height=\u00bb380px\u00bb auto=\u00bbon\u00bb global_colors_info=\u00bb{}\u00bb][et_pb_slide _builder_version=\u00bb4.19.5&#8243; _module_preset=\u00bbdefault\u00bb background_enable_color=\u00bboff\u00bb background_image=\u00bbhttps:\/\/delthapharma.com\/en\/wp-content\/uploads\/2023\/02\/7-1-768&#215;768-1.jpeg\u00bb background_enable_image=\u00bbon\u00bb background_position=\u00bbtop_center\u00bb global_colors_info=\u00bb{}\u00bb sticky_transition=\u00bbon\u00bb][\/et_pb_slide][et_pb_slide _builder_version=\u00bb4.19.5&#8243; _module_preset=\u00bbdefault\u00bb background_enable_color=\u00bboff\u00bb background_image=\u00bbhttps:\/\/delthapharma.com\/en\/wp-content\/uploads\/2023\/02\/6.jpeg\u00bb background_enable_image=\u00bbon\u00bb background_size=\u00bbstretch\u00bb global_colors_info=\u00bb{}\u00bb sticky_transition=\u00bbon\u00bb][\/et_pb_slide][et_pb_slide _builder_version=\u00bb4.19.5&#8243; _module_preset=\u00bbdefault\u00bb background_enable_color=\u00bboff\u00bb background_image=\u00bbhttps:\/\/delthapharma.com\/en\/wp-content\/uploads\/2023\/02\/1-1-768&#215;768-1.jpeg\u00bb background_enable_image=\u00bbon\u00bb background_size=\u00bbstretch\u00bb background_position=\u00bbtop_center\u00bb global_colors_info=\u00bb{}\u00bb sticky_transition=\u00bbon\u00bb][\/et_pb_slide][et_pb_slide _builder_version=\u00bb4.19.5&#8243; _module_preset=\u00bbdefault\u00bb background_enable_color=\u00bboff\u00bb background_image=\u00bbhttps:\/\/delthapharma.com\/en\/wp-content\/uploads\/2023\/02\/3-1-768&#215;771-1.jpeg\u00bb background_enable_image=\u00bbon\u00bb background_position=\u00bbtop_center\u00bb global_colors_info=\u00bb{}\u00bb sticky_transition=\u00bbon\u00bb][\/et_pb_slide][et_pb_slide _builder_version=\u00bb4.19.5&#8243; _module_preset=\u00bbdefault\u00bb background_enable_color=\u00bboff\u00bb background_image=\u00bbhttps:\/\/delthapharma.com\/en\/wp-content\/uploads\/2023\/02\/2s-768&#215;768-1.jpeg\u00bb background_enable_image=\u00bbon\u00bb background_position=\u00bbtop_center\u00bb global_colors_info=\u00bb{}\u00bb sticky_transition=\u00bbon\u00bb][\/et_pb_slide][et_pb_slide _builder_version=\u00bb4.19.5&#8243; _module_preset=\u00bbdefault\u00bb background_enable_color=\u00bboff\u00bb background_image=\u00bbhttps:\/\/delthapharma.com\/en\/wp-content\/uploads\/2023\/02\/8-1-768&#215;768-1.jpeg\u00bb background_enable_image=\u00bbon\u00bb background_position=\u00bbtop_center\u00bb global_colors_info=\u00bb{}\u00bb sticky_transition=\u00bbon\u00bb][\/et_pb_slide][et_pb_slide _builder_version=\u00bb4.19.5&#8243; _module_preset=\u00bbdefault\u00bb background_enable_color=\u00bboff\u00bb background_image=\u00bbhttps:\/\/delthapharma.com\/en\/wp-content\/uploads\/2023\/02\/4-1-768&#215;576-1.jpeg\u00bb background_enable_image=\u00bbon\u00bb background_position=\u00bbtop_center\u00bb global_colors_info=\u00bb{}\u00bb sticky_transition=\u00bbon\u00bb][\/et_pb_slide][\/et_pb_slider][\/et_pb_column][\/et_pb_row][\/et_pb_section]<\/p>\n","protected":false},"excerpt":{"rendered":"<p>El punto clave de Deltha Pharma es su Departamento de Investigaci\u00f3n y Desarrollo, compuesto por diversos profesionales que est\u00e1n constantemente en busca de nuevos materiales y los respectivos ensayos y resultados cl\u00ednicos. Cada a\u00f1o, en base a la investigaci\u00f3n y las necesidades de la poblaci\u00f3n, se formulan una gran cantidad de productos nuevos e innovadores. [&hellip;]<\/p>\n","protected":false},"author":1,"featured_media":0,"parent":0,"menu_order":0,"comment_status":"closed","ping_status":"closed","template":"","meta":{"_et_pb_use_builder":"on","_et_pb_old_content":"","_et_gb_content_width":"","footnotes":""},"class_list":["post-1046","page","type-page","status-publish","hentry"],"_links":{"self":[{"href":"https:\/\/delthapharma.com\/es\/wp-json\/wp\/v2\/pages\/1046","targetHints":{"allow":["GET"]}}],"collection":[{"href":"https:\/\/delthapharma.com\/es\/wp-json\/wp\/v2\/pages"}],"about":[{"href":"https:\/\/delthapharma.com\/es\/wp-json\/wp\/v2\/types\/page"}],"author":[{"embeddable":true,"href":"https:\/\/delthapharma.com\/es\/wp-json\/wp\/v2\/users\/1"}],"replies":[{"embeddable":true,"href":"https:\/\/delthapharma.com\/es\/wp-json\/wp\/v2\/comments?post=1046"}],"version-history":[{"count":0,"href":"https:\/\/delthapharma.com\/es\/wp-json\/wp\/v2\/pages\/1046\/revisions"}],"wp:attachment":[{"href":"https:\/\/delthapharma.com\/es\/wp-json\/wp\/v2\/media?parent=1046"}],"curies":[{"name":"wp","href":"https:\/\/api.w.org\/{rel}","templated":true}]}}