{"id":1076,"date":"2023-02-10T11:17:45","date_gmt":"2023-02-10T11:17:45","guid":{"rendered":"https:\/\/staging.delthapharma.com\/?page_id=1076"},"modified":"2023-11-01T12:33:38","modified_gmt":"2023-11-01T12:33:38","slug":"quality-and-safety","status":"publish","type":"page","link":"https:\/\/delthapharma.com\/es\/quality-and-safety\/","title":{"rendered":"Quality and Safety"},"content":{"rendered":"<p>[et_pb_section fb_built=\u00bb1&#8243; _builder_version=\u00bb4.19.5&#8243; _module_preset=\u00bbdefault\u00bb background_color=\u00bbrgba(25,115,150,0.45)\u00bb background_image=\u00bbhttps:\/\/delthapharma.com\/en\/wp-content\/uploads\/2023\/02\/top-qualita-sicurezza.jpeg\u00bb background_blend=\u00bbmultiply\u00bb mix_blend_mode=\u00bbmultiply\u00bb global_colors_info=\u00bb{}\u00bb][et_pb_row _builder_version=\u00bb4.19.5&#8243; _module_preset=\u00bbdefault\u00bb width_tablet=\u00bb\u00bb width_phone=\u00bb100%\u00bb width_last_edited=\u00bbon|phone\u00bb custom_padding=\u00bb|20px||20px|false|true\u00bb global_colors_info=\u00bb{}\u00bb][et_pb_column type=\u00bb4_4&#8243; _builder_version=\u00bb4.19.5&#8243; _module_preset=\u00bbdefault\u00bb global_colors_info=\u00bb{}\u00bb][et_pb_text _builder_version=\u00bb4.19.5&#8243; _dynamic_attributes=\u00bbcontent\u00bb _module_preset=\u00bbdefault\u00bb text_text_color=\u00bb#FFFFFF\u00bb text_font_size=\u00bb42px\u00bb text_orientation=\u00bbcenter\u00bb text_font_size_tablet=\u00bb42px\u00bb text_font_size_phone=\u00bb36px\u00bb text_font_size_last_edited=\u00bbon|phone\u00bb custom_css_main_element=\u00bbfont-weight: 400;\u00bb global_colors_info=\u00bb{}\u00bb]@ET-DC@eyJkeW5hbWljIjp0cnVlLCJjb250ZW50IjoicG9zdF90aXRsZSIsInNldHRpbmdzIjp7ImJlZm9yZSI6IiIsImFmdGVyIjoiIn19@[\/et_pb_text][\/et_pb_column][\/et_pb_row][\/et_pb_section][et_pb_section fb_built=\u00bb1&#8243; _builder_version=\u00bb4.19.5&#8243; _module_preset=\u00bbdefault\u00bb min_height=\u00bb593.7px\u00bb bottom_divider_repeat=\u00bb1x\u00bb bottom_divider_flip=\u00bbvertical\u00bb global_colors_info=\u00bb{}\u00bb][et_pb_row column_structure=\u00bb1_2,1_2&#8243; _builder_version=\u00bb4.19.5&#8243; _module_preset=\u00bbdefault\u00bb width_tablet=\u00bb\u00bb width_phone=\u00bb100%\u00bb width_last_edited=\u00bbon|phone\u00bb custom_padding=\u00bb|20px||20px|false|true\u00bb border_radii=\u00bbon|3px|3px|3px|3px\u00bb global_colors_info=\u00bb{}\u00bb][et_pb_column type=\u00bb1_2&#8243; _builder_version=\u00bb4.19.5&#8243; _module_preset=\u00bbdefault\u00bb global_colors_info=\u00bb{}\u00bb][et_pb_text _builder_version=\u00bb4.23&#8243; _module_preset=\u00bbdefault\u00bb text_font=\u00bb||||||||\u00bb custom_css_main_element=\u00bbfont-weight: 400;\u00bb global_colors_info=\u00bb{}\u00bb]<\/p>\n<p>Las actividades de Deltha Pharma se rigen por un C\u00d3DIGO DE \u00c9TICA interno que inspira conductas y acciones conforme a principios de Transparencia, Equidad, Legalidad, Honestidad y Responsabilidad, al igual que las empresas farmac\u00e9uticas.<\/p>\n<p>De esta manera, las actividades informativas y m\u00e9dico-cient\u00edficas, la producci\u00f3n, promoci\u00f3n y difusi\u00f3n, as\u00ed como el comportamiento y el decoro, son aceptados uniformemente, contribuyendo a las caracter\u00edsticas que diferencian a Deltha Pharma de empresas similares.<\/p>\n<p>[\/et_pb_text][\/et_pb_column][et_pb_column type=\u00bb1_2&#8243; _builder_version=\u00bb4.19.5&#8243; _module_preset=\u00bbdefault\u00bb global_colors_info=\u00bb{}\u00bb][et_pb_image src=\u00bbhttps:\/\/delthapharma.com\/en\/wp-content\/uploads\/2023\/02\/codice-etico.jpg\u00bb alt=\u00bbdeltha pharma codice etico\u00bb title_text=\u00bbcodice-etico\u00bb _builder_version=\u00bb4.19.5&#8243; _module_preset=\u00bbdefault\u00bb global_colors_info=\u00bb{}\u00bb][\/et_pb_image][\/et_pb_column][\/et_pb_row][\/et_pb_section][et_pb_section fb_built=\u00bb1&#8243; prev_background_color=\u00bb#ffffff\u00bb next_background_color=\u00bb#ffffff\u00bb _builder_version=\u00bb4.19.5&#8243; _module_preset=\u00bbdefault\u00bb background_color=\u00bb#EDF2F7&#8243; top_divider_style=\u00bbcurve2&#8243; top_divider_flip=\u00bbvertical\u00bb bottom_divider_style=\u00bbcurve2&#8243; bottom_divider_repeat=\u00bb1x\u00bb bottom_divider_flip=\u00bbhorizontal\u00bb global_colors_info=\u00bb{}\u00bb][et_pb_row column_structure=\u00bb1_2,1_2&#8243; _builder_version=\u00bb4.19.5&#8243; _module_preset=\u00bbdefault\u00bb width_tablet=\u00bb\u00bb width_phone=\u00bb100%\u00bb width_last_edited=\u00bbon|phone\u00bb custom_padding=\u00bb|20px||20px|false|true\u00bb border_radii=\u00bbon|3px|3px|3px|3px\u00bb global_colors_info=\u00bb{}\u00bb][et_pb_column type=\u00bb1_2&#8243; _builder_version=\u00bb4.19.5&#8243; _module_preset=\u00bbdefault\u00bb global_colors_info=\u00bb{}\u00bb][et_pb_slider arrows_custom_color=\u00bb#EDF2F7&#8243; dot_nav_custom_color=\u00bb#EDF2F7&#8243; _builder_version=\u00bb4.21.0&#8243; _module_preset=\u00bbdefault\u00bb background_enable_image=\u00bboff\u00bb min_height=\u00bb380px\u00bb auto=\u00bbon\u00bb global_colors_info=\u00bb{}\u00bb][et_pb_slide _builder_version=\u00bb4.19.5&#8243; _module_preset=\u00bbdefault\u00bb background_enable_color=\u00bboff\u00bb background_image=\u00bbhttps:\/\/delthapharma.com\/en\/wp-content\/uploads\/2023\/02\/materie-prime-1_8.jpeg\u00bb background_enable_image=\u00bbon\u00bb global_colors_info=\u00bb{}\u00bb sticky_transition=\u00bbon\u00bb][\/et_pb_slide][et_pb_slide _builder_version=\u00bb4.19.5&#8243; _module_preset=\u00bbdefault\u00bb background_enable_color=\u00bboff\u00bb background_image=\u00bbhttps:\/\/delthapharma.com\/en\/wp-content\/uploads\/2023\/02\/materie-prime-2_8.jpeg\u00bb background_enable_image=\u00bbon\u00bb global_colors_info=\u00bb{}\u00bb sticky_transition=\u00bbon\u00bb][\/et_pb_slide][et_pb_slide _builder_version=\u00bb4.19.5&#8243; _module_preset=\u00bbdefault\u00bb background_enable_color=\u00bboff\u00bb background_image=\u00bbhttps:\/\/delthapharma.com\/en\/wp-content\/uploads\/2023\/02\/materie-prime-3_8.jpeg\u00bb background_enable_image=\u00bbon\u00bb global_colors_info=\u00bb{}\u00bb sticky_transition=\u00bbon\u00bb][\/et_pb_slide][et_pb_slide _builder_version=\u00bb4.19.5&#8243; _module_preset=\u00bbdefault\u00bb background_enable_color=\u00bboff\u00bb background_image=\u00bbhttps:\/\/delthapharma.com\/en\/wp-content\/uploads\/2023\/02\/materie-prime-4_8.jpeg\u00bb background_enable_image=\u00bbon\u00bb global_colors_info=\u00bb{}\u00bb sticky_transition=\u00bbon\u00bb][\/et_pb_slide][et_pb_slide _builder_version=\u00bb4.19.5&#8243; _module_preset=\u00bbdefault\u00bb background_enable_color=\u00bboff\u00bb background_image=\u00bbhttps:\/\/delthapharma.com\/en\/wp-content\/uploads\/2023\/02\/materie-prime-5_8.jpeg\u00bb background_enable_image=\u00bbon\u00bb global_colors_info=\u00bb{}\u00bb sticky_transition=\u00bbon\u00bb][\/et_pb_slide][et_pb_slide _builder_version=\u00bb4.19.5&#8243; _module_preset=\u00bbdefault\u00bb background_enable_color=\u00bboff\u00bb background_image=\u00bbhttps:\/\/delthapharma.com\/en\/wp-content\/uploads\/2023\/02\/materie-prime-6_8.jpeg\u00bb background_enable_image=\u00bbon\u00bb global_colors_info=\u00bb{}\u00bb sticky_transition=\u00bbon\u00bb][\/et_pb_slide][et_pb_slide _builder_version=\u00bb4.19.5&#8243; _module_preset=\u00bbdefault\u00bb background_enable_color=\u00bboff\u00bb background_image=\u00bbhttps:\/\/delthapharma.com\/en\/wp-content\/uploads\/2023\/02\/materie-prime-7_8.jpeg\u00bb background_enable_image=\u00bbon\u00bb global_colors_info=\u00bb{}\u00bb sticky_transition=\u00bbon\u00bb][\/et_pb_slide][et_pb_slide _builder_version=\u00bb4.19.5&#8243; _module_preset=\u00bbdefault\u00bb background_enable_color=\u00bboff\u00bb background_image=\u00bbhttps:\/\/delthapharma.com\/en\/wp-content\/uploads\/2023\/02\/materie-prime-8_8.jpeg\u00bb background_enable_image=\u00bbon\u00bb global_colors_info=\u00bb{}\u00bb sticky_transition=\u00bbon\u00bb][\/et_pb_slide][\/et_pb_slider][\/et_pb_column][et_pb_column type=\u00bb1_2&#8243; _builder_version=\u00bb4.19.5&#8243; _module_preset=\u00bbdefault\u00bb global_colors_info=\u00bb{}\u00bb][et_pb_text _builder_version=\u00bb4.23&#8243; _module_preset=\u00bbdefault\u00bb text_font=\u00bb||||||||\u00bb position_origin_a=\u00bbcenter_center\u00bb vertical_offset=\u00bb55px\u00bb vertical_offset_tablet=\u00bb0px\u00bb vertical_offset_phone=\u00bb0px\u00bb vertical_offset_last_edited=\u00bbon|tablet\u00bb position_origin_a_tablet=\u00bbcenter_center\u00bb position_origin_a_phone=\u00bbcenter_center\u00bb position_origin_a_last_edited=\u00bbon|desktop\u00bb position_origin_f_tablet=\u00bb\u00bb position_origin_f_phone=\u00bb\u00bb position_origin_f_last_edited=\u00bbon|desktop\u00bb width=\u00bb100%\u00bb custom_css_main_element=\u00bbfont-weight: 400;\u00bb global_colors_info=\u00bb{}\u00bb]<\/p>\n<h2>Materia prima<\/h2>\n<p>Las materias primas utilizadas son exclusivamente de <strong>alta calidad<\/strong>. Son evaluados y elegidos en funci\u00f3n de su eficacia y pruebas de laboratorio. La consulta tanto de la literatura cient\u00edfica como de los datos sobre las caracter\u00edsticas farmacocin\u00e9ticas y farmacodin\u00e1micas son parte integral de la concepci\u00f3n\/dise\u00f1o de nuestros suplementos.<\/p>\n<p>Adem\u00e1s, todas las materias primas son exclusivamente de <strong>origen italiano y proceden de empresas con certificaci\u00f3n de calidad<\/strong>. Los principios activos se extraen mediante t\u00e9cnicas innovadoras que preservan la estructura de las mol\u00e9culas, garantizan una biodisponibilidad \u00f3ptima y tienen un bajo impacto ambiental.<\/p>\n<p>Muchas de las materias primas utilizadas son <strong>alimentos novedosos protegidos por patentes<\/strong>.<\/p>\n<p>La eficacia de todos los suplementos depende estrictamente de la dosis, por lo que todos nuestros productos tienen una <strong>alta dosificaci\u00f3n y una alta titulaci\u00f3n de principios activos<\/strong>.<\/p>\n<p>[\/et_pb_text][\/et_pb_column][\/et_pb_row][\/et_pb_section][et_pb_section fb_built=\u00bb1&#8243; _builder_version=\u00bb4.19.5&#8243; _module_preset=\u00bbdefault\u00bb background_enable_color=\u00bboff\u00bb top_divider_flip=\u00bbvertical\u00bb bottom_divider_repeat=\u00bb1x\u00bb bottom_divider_flip=\u00bbhorizontal\u00bb global_colors_info=\u00bb{}\u00bb][et_pb_row column_structure=\u00bb1_2,1_2&#8243; _builder_version=\u00bb4.19.5&#8243; _module_preset=\u00bbdefault\u00bb width_tablet=\u00bb\u00bb width_phone=\u00bb100%\u00bb width_last_edited=\u00bbon|phone\u00bb custom_padding=\u00bb|20px||20px|false|true\u00bb border_radii=\u00bbon|3px|3px|3px|3px\u00bb global_colors_info=\u00bb{}\u00bb][et_pb_column type=\u00bb1_2&#8243; _builder_version=\u00bb4.19.5&#8243; _module_preset=\u00bbdefault\u00bb global_colors_info=\u00bb{}\u00bb][et_pb_text _builder_version=\u00bb4.23&#8243; _module_preset=\u00bbdefault\u00bb text_font=\u00bb||||||||\u00bb hover_enabled=\u00bb0&#8243; custom_css_main_element=\u00bbfont-weight: 400;\u00bb global_colors_info=\u00bb{}\u00bb sticky_enabled=\u00bb0&#8243;]<\/p>\n<h2>Protecci\u00f3n al consumidor<\/h2>\n<p><strong>Intolerancias y alergias alimentarias<\/strong>: en Deltha Pharma, prestamos atenci\u00f3n al individuo, por eso nuestras formulaciones est\u00e1n dise\u00f1adas para que las personas con intolerancias alimentarias puedan beneficiarse. Todos nuestros productos son sin gluten y sin lactosa, por lo que son adecuados para personas con enfermedad cel\u00edaca. Adem\u00e1s, los estrictos controles realizados por compa\u00f1\u00edas externas en cada lote de producci\u00f3n garantizan la ausencia de contaminantes, al\u00e9rgenos, metales pesados, bacterias y hongos.<\/p>\n<p><strong>Vida \u00fatil<\/strong>: para garantizar al consumidor, en Deltha Pharma aplicamos una evaluaci\u00f3n compleja para establecer la vida \u00fatil de nuestros productos, es decir, el tiempo durante el cual el producto mantiene un nivel \u00abaceptable\u00bb de seguridad y calidad, y por lo tanto puede ser utilizado. De manera m\u00e1s simple, es el periodo en el que el producto puede ser almacenado y seguir siendo apto para la venta (vida \u00fatil m\u00e1xima).<\/p>\n<p><em>Esto incluye el estudio de<\/em>:<\/p>\n<p><strong>Empaques<\/strong>: la estrategia de conservaci\u00f3n del producto es una garant\u00eda de calidad. Por esta raz\u00f3n, en Deltha Pharma realizamos pruebas de estabilidad y durabilidad en laboratorios, adem\u00e1s de empaquetar los productos en bl\u00edsteres y sobres que garantizan su integridad durante toda su vida \u00fatil.<\/p>\n<p><strong>Almacenamiento y transporte<\/strong>: la exposici\u00f3n a temperaturas, humedad y luz inadecuadas puede alterar las caracter\u00edsticas del producto. En Deltha Pharma nos aseguramos de que los productos sean manipulados y mantenidos en condiciones adecuadas.<\/p>\n<p>[\/et_pb_text][\/et_pb_column][et_pb_column type=\u00bb1_2&#8243; _builder_version=\u00bb4.19.5&#8243; _module_preset=\u00bbdefault\u00bb global_colors_info=\u00bb{}\u00bb][et_pb_image src=\u00bbhttps:\/\/delthapharma.com\/en\/wp-content\/uploads\/2023\/02\/tutela-consumatore.jpg\u00bb alt=\u00bbdeltha pharma tutela consumatore\u00bb title_text=\u00bbtutela-consumatore\u00bb _builder_version=\u00bb4.21.0&#8243; _module_preset=\u00bbdefault\u00bb positioning=\u00bbrelative\u00bb global_colors_info=\u00bb{}\u00bb][\/et_pb_image][\/et_pb_column][\/et_pb_row][\/et_pb_section][et_pb_section fb_built=\u00bb1&#8243; prev_background_color=\u00bb#ffffff\u00bb next_background_color=\u00bb#ffffff\u00bb _builder_version=\u00bb4.19.5&#8243; _module_preset=\u00bbdefault\u00bb background_color=\u00bb#EDF2F7&#8243; top_divider_style=\u00bbwaves\u00bb bottom_divider_style=\u00bbwaves\u00bb bottom_divider_repeat=\u00bb1x\u00bb global_colors_info=\u00bb{}\u00bb][et_pb_row column_structure=\u00bb1_2,1_2&#8243; _builder_version=\u00bb4.19.5&#8243; _module_preset=\u00bbdefault\u00bb width_tablet=\u00bb\u00bb width_phone=\u00bb100%\u00bb width_last_edited=\u00bbon|phone\u00bb custom_padding=\u00bb|20px||20px|false|true\u00bb border_radii=\u00bbon|3px|3px|3px|3px\u00bb global_colors_info=\u00bb{}\u00bb][et_pb_column type=\u00bb1_2&#8243; _builder_version=\u00bb4.19.5&#8243; _module_preset=\u00bbdefault\u00bb global_colors_info=\u00bb{}\u00bb][et_pb_image src=\u00bbhttps:\/\/delthapharma.com\/en\/wp-content\/uploads\/2023\/02\/lavori-clinici.jpg\u00bb alt=\u00bbdeltha pharma lavori clinici\u00bb title_text=\u00bblavori-clinici\u00bb _builder_version=\u00bb4.19.5&#8243; _module_preset=\u00bbdefault\u00bb positioning=\u00bbrelative\u00bb vertical_offset_tablet=\u00bb0px\u00bb vertical_offset_phone=\u00bb0px\u00bb vertical_offset_last_edited=\u00bboff|desktop\u00bb global_colors_info=\u00bb{}\u00bb][\/et_pb_image][\/et_pb_column][et_pb_column type=\u00bb1_2&#8243; _builder_version=\u00bb4.19.5&#8243; _module_preset=\u00bbdefault\u00bb global_colors_info=\u00bb{}\u00bb][et_pb_text _builder_version=\u00bb4.23&#8243; _module_preset=\u00bbdefault\u00bb text_font=\u00bb||||||||\u00bb positioning=\u00bbrelative\u00bb position_origin_a=\u00bbcenter_center\u00bb vertical_offset_tablet=\u00bb0px\u00bb vertical_offset_phone=\u00bb0px\u00bb vertical_offset_last_edited=\u00bboff|tablet\u00bb position_origin_a_tablet=\u00bbcenter_center\u00bb position_origin_a_phone=\u00bbcenter_center\u00bb position_origin_a_last_edited=\u00bbon|desktop\u00bb position_origin_f_tablet=\u00bb\u00bb position_origin_f_phone=\u00bb\u00bb position_origin_f_last_edited=\u00bbon|desktop\u00bb width=\u00bb100%\u00bb hover_enabled=\u00bb0&#8243; custom_css_main_element=\u00bbfont-weight: 400;\u00bb global_colors_info=\u00bb{}\u00bb sticky_enabled=\u00bb0&#8243;]<\/p>\n<h2>Trabajos cl\u00ednicos<\/h2>\n<p>Deltha Pharma promueve la investigaci\u00f3n y la realizaci\u00f3n de estudios cl\u00ednicos y precl\u00ednicos tanto en colaboraci\u00f3n con hospitales e institutos universitarios como en el territorio de distribuci\u00f3n, de acuerdo con las \u00faltimas directrices del Ministerio de Salud italiano sobre el trabajo cl\u00ednico relacionado con el valor terap\u00e9utico y preventivo de los suplementos alimenticios.<\/p>\n<p>Teniendo esto en cuenta, en 2018-2019 se llevaron a cabo dos estudios sobre la l\u00ednea Urolog\u00eda-Uroginecolog\u00eda, con el objetivo de evaluar la contribuci\u00f3n de Delthamannosio\u00ae en el tratamiento y prevenci\u00f3n de la cistitis recurrente y el papel de Delthaprost\u00ae en la variaci\u00f3n de los s\u00edntomas del tracto urinario inferior (LUTS).<\/p>\n<p>Actualmente, se est\u00e1 llevando a cabo un estudio cl\u00ednico doble ciego sobre la disbiosis intestinal causada por antibi\u00f3ticos con nuestro producto MASUROTA en el reconocido Hospital Policlinico A. Gemelli en Roma.<\/p>\n<p>[\/et_pb_text][\/et_pb_column][\/et_pb_row][\/et_pb_section][et_pb_section fb_built=\u00bb1&#8243; _builder_version=\u00bb4.19.5&#8243; _module_preset=\u00bbdefault\u00bb background_enable_color=\u00bboff\u00bb top_divider_flip=\u00bbvertical\u00bb bottom_divider_repeat=\u00bb1x\u00bb bottom_divider_flip=\u00bbhorizontal\u00bb global_colors_info=\u00bb{}\u00bb][et_pb_row column_structure=\u00bb1_2,1_2&#8243; _builder_version=\u00bb4.19.5&#8243; _module_preset=\u00bbdefault\u00bb width_tablet=\u00bb\u00bb width_phone=\u00bb100%\u00bb width_last_edited=\u00bbon|phone\u00bb custom_padding=\u00bb|20px||20px|false|true\u00bb border_radii=\u00bbon|3px|3px|3px|3px\u00bb global_colors_info=\u00bb{}\u00bb][et_pb_column type=\u00bb1_2&#8243; _builder_version=\u00bb4.19.5&#8243; _module_preset=\u00bbdefault\u00bb global_colors_info=\u00bb{}\u00bb][et_pb_text _builder_version=\u00bb4.23&#8243; _module_preset=\u00bbdefault\u00bb text_font=\u00bb||||||||\u00bb hover_enabled=\u00bb0&#8243; custom_css_main_element=\u00bbfont-weight: 400;\u00bb global_colors_info=\u00bb{}\u00bb sticky_enabled=\u00bb0&#8243;]<\/p>\n<h2>Fitovigilancia<\/h2>\n<p>De acuerdo con la normativa vigente, establecida por el Ministerio de Sanidad italiano, el Istituto Superiore di Sanit\u00e0 y la AIFA (Agencia Italiana de Medicamentos), tambi\u00e9n es necesario controlar los complementos alimenticios y los fitoderivados para detectar posibles efectos secundarios. Deltha Pharma implement\u00f3 la legislaci\u00f3n y difundi\u00f3 el formulario de notificaci\u00f3n de eventos adversos, para un mejor control de la seguridad del consumidor en el territorio.<\/p>\n<p>Desde 2022 Deltha Pharma es uno de los miembros fundadores de AssoIntegratori, Asociaci\u00f3n de Complementos Alimenticios sin \u00e1nimo de lucro que desarrolla actividades en beneficio de sus miembros y de la comunidad cient\u00edfica, con los siguientes objetivos:<\/p>\n<ul>\n<li>Crear un centro de actividad cient\u00edfica y promoci\u00f3n del uso seguro de los complementos diet\u00e9ticos.<\/li>\n<li>Promover la cultura y la actualizaci\u00f3n cient\u00edfica y normativa sobre el uso correcto de los complementos alimenticios.<\/li>\n<li>Promover la calidad en toda la cadena de producci\u00f3n de complementos alimenticios.<\/li>\n<li>Promoviendo una cultura verde y sostenible.<\/li>\n<\/ul>\n<p>&nbsp;<\/p>\n<p>[\/et_pb_text][\/et_pb_column][et_pb_column type=\u00bb1_2&#8243; _builder_version=\u00bb4.19.5&#8243; _module_preset=\u00bbdefault\u00bb global_colors_info=\u00bb{}\u00bb][et_pb_image src=\u00bbhttps:\/\/delthapharma.com\/en\/wp-content\/uploads\/2023\/02\/assointegratori-logo.jpg\u00bb alt=\u00bbassointegratori\u00bb title_text=\u00bbassointegratori-logo\u00bb _builder_version=\u00bb4.19.5&#8243; _module_preset=\u00bbdefault\u00bb positioning=\u00bbrelative\u00bb vertical_offset=\u00bb120px\u00bb vertical_offset_tablet=\u00bb0px\u00bb vertical_offset_phone=\u00bb0px\u00bb vertical_offset_last_edited=\u00bbon|phone\u00bb global_colors_info=\u00bb{}\u00bb][\/et_pb_image][\/et_pb_column][\/et_pb_row][\/et_pb_section]<\/p>\n","protected":false},"excerpt":{"rendered":"<p>Las actividades de Deltha Pharma se rigen por un C\u00d3DIGO DE \u00c9TICA interno que inspira conductas y acciones conforme a principios de Transparencia, Equidad, Legalidad, Honestidad y Responsabilidad, al igual que las empresas farmac\u00e9uticas. De esta manera, las actividades informativas y m\u00e9dico-cient\u00edficas, la producci\u00f3n, promoci\u00f3n y difusi\u00f3n, as\u00ed como el comportamiento y el decoro, son [&hellip;]<\/p>\n","protected":false},"author":1,"featured_media":0,"parent":0,"menu_order":0,"comment_status":"closed","ping_status":"closed","template":"","meta":{"_et_pb_use_builder":"on","_et_pb_old_content":"","_et_gb_content_width":"","footnotes":""},"class_list":["post-1076","page","type-page","status-publish","hentry"],"_links":{"self":[{"href":"https:\/\/delthapharma.com\/es\/wp-json\/wp\/v2\/pages\/1076","targetHints":{"allow":["GET"]}}],"collection":[{"href":"https:\/\/delthapharma.com\/es\/wp-json\/wp\/v2\/pages"}],"about":[{"href":"https:\/\/delthapharma.com\/es\/wp-json\/wp\/v2\/types\/page"}],"author":[{"embeddable":true,"href":"https:\/\/delthapharma.com\/es\/wp-json\/wp\/v2\/users\/1"}],"replies":[{"embeddable":true,"href":"https:\/\/delthapharma.com\/es\/wp-json\/wp\/v2\/comments?post=1076"}],"version-history":[{"count":0,"href":"https:\/\/delthapharma.com\/es\/wp-json\/wp\/v2\/pages\/1076\/revisions"}],"wp:attachment":[{"href":"https:\/\/delthapharma.com\/es\/wp-json\/wp\/v2\/media?parent=1076"}],"curies":[{"name":"wp","href":"https:\/\/api.w.org\/{rel}","templated":true}]}}