{"id":1143,"date":"2023-02-10T17:54:48","date_gmt":"2023-02-10T17:54:48","guid":{"rendered":"https:\/\/staging.delthapharma.com\/?page_id=1143"},"modified":"2023-11-02T08:44:22","modified_gmt":"2023-11-02T08:44:22","slug":"certificaciones","status":"publish","type":"page","link":"https:\/\/delthapharma.com\/es\/certificaciones\/","title":{"rendered":"Certificaciones"},"content":{"rendered":"<p>[et_pb_section fb_built=\u00bb1&#8243; _builder_version=\u00bb4.19.5&#8243; _module_preset=\u00bbdefault\u00bb background_color=\u00bbrgba(25,115,150,0.45)\u00bb background_image=\u00bbhttps:\/\/delthapharma.com\/en\/wp-content\/uploads\/2023\/02\/top-qualita-sicurezza.jpeg\u00bb background_blend=\u00bbmultiply\u00bb mix_blend_mode=\u00bbmultiply\u00bb global_colors_info=\u00bb{}\u00bb][et_pb_row _builder_version=\u00bb4.19.5&#8243; _module_preset=\u00bbdefault\u00bb width_tablet=\u00bb\u00bb width_phone=\u00bb100%\u00bb width_last_edited=\u00bbon|phone\u00bb custom_padding=\u00bb|20px||20px|false|true\u00bb global_colors_info=\u00bb{}\u00bb][et_pb_column type=\u00bb4_4&#8243; _builder_version=\u00bb4.19.5&#8243; _module_preset=\u00bbdefault\u00bb global_colors_info=\u00bb{}\u00bb][et_pb_text _builder_version=\u00bb4.19.5&#8243; _dynamic_attributes=\u00bbcontent\u00bb _module_preset=\u00bbdefault\u00bb text_text_color=\u00bb#FFFFFF\u00bb text_font_size=\u00bb42px\u00bb text_orientation=\u00bbcenter\u00bb text_font_size_tablet=\u00bb42px\u00bb text_font_size_phone=\u00bb36px\u00bb text_font_size_last_edited=\u00bbon|phone\u00bb custom_css_main_element=\u00bbfont-weight: 400;\u00bb global_colors_info=\u00bb{}\u00bb]@ET-DC@eyJkeW5hbWljIjp0cnVlLCJjb250ZW50IjoicG9zdF90aXRsZSIsInNldHRpbmdzIjp7ImJlZm9yZSI6IiIsImFmdGVyIjoiIn19@[\/et_pb_text][\/et_pb_column][\/et_pb_row][\/et_pb_section][et_pb_section fb_built=\u00bb1&#8243; _builder_version=\u00bb4.19.5&#8243; _module_preset=\u00bbdefault\u00bb bottom_divider_repeat=\u00bb1x\u00bb bottom_divider_flip=\u00bbvertical\u00bb global_colors_info=\u00bb{}\u00bb][et_pb_row _builder_version=\u00bb4.19.5&#8243; _module_preset=\u00bbdefault\u00bb width_tablet=\u00bb\u00bb width_phone=\u00bb100%\u00bb width_last_edited=\u00bbon|phone\u00bb custom_padding=\u00bb|20px||20px|false|true\u00bb border_radii=\u00bbon|3px|3px|3px|3px\u00bb global_colors_info=\u00bb{}\u00bb][et_pb_column type=\u00bb4_4&#8243; _builder_version=\u00bb4.19.5&#8243; _module_preset=\u00bbdefault\u00bb global_colors_info=\u00bb{}\u00bb][et_pb_text _builder_version=\u00bb4.23&#8243; _module_preset=\u00bbdefault\u00bb text_font=\u00bb||||||||\u00bb hover_enabled=\u00bb0&#8243; custom_css_main_element=\u00bbfont-weight: 400;\u00bb global_colors_info=\u00bb{}\u00bb sticky_enabled=\u00bb0&#8243;]<\/p>\n<h2><img loading=\"lazy\" decoding=\"async\" src=\"https:\/\/delthapharma.com\/en\/wp-content\/uploads\/2023\/02\/logo-hccp-300x240.jpg\" width=\"300\" height=\"240\" alt=\"\" class=\"wp-image-1145 alignright size-medium\" srcset=\"https:\/\/delthapharma.com\/es\/wp-content\/uploads\/2023\/02\/logo-hccp-300x240.jpg 300w, https:\/\/delthapharma.com\/es\/wp-content\/uploads\/2023\/02\/logo-hccp-768x614.jpg 768w, https:\/\/delthapharma.com\/es\/wp-content\/uploads\/2023\/02\/logo-hccp-480x384.jpg 480w, https:\/\/delthapharma.com\/es\/wp-content\/uploads\/2023\/02\/logo-hccp-600x480.jpg 600w, https:\/\/delthapharma.com\/es\/wp-content\/uploads\/2023\/02\/logo-hccp.jpg 900w\" sizes=\"(max-width: 300px) 100vw, 300px\" \/><\/h2>\n<h2>Certificaci\u00f3n HACCP<\/h2>\n<p>Deltha Pharma, empresa que desarrolla y distribuye complementos alimenticios, ha obtenido la certificaci\u00f3n HACCP, que acredita el cumplimiento constante y estricto de todos los protocolos y procedimientos destinados a prevenir los riesgos que puedan ocurrir en el \u00e1mbito de la seguridad alimentaria.<\/p>\n<p>[\/et_pb_text][et_pb_button button_url=\u00bbhttps:\/\/delthapharma.com\/en\/wp-content\/uploads\/2023\/05\/DECLARATION-HACCP_eng.pdf\u00bb url_new_window=\u00bbon\u00bb button_text=\u00bbDescarga la certificaci\u00f3n (EN)\u00bb _builder_version=\u00bb4.23&#8243; _module_preset=\u00bbdefault\u00bb custom_button=\u00bbon\u00bb button_icon=\u00bb&#xf1c1;||fa||400&#8243; button_icon_placement=\u00bbleft\u00bb button_on_hover=\u00bboff\u00bb hover_enabled=\u00bb0&#8243; global_colors_info=\u00bb{}\u00bb button_bg_color__hover_enabled=\u00bbon|hover\u00bb button_bg_color__hover=\u00bb#2B6CB0&#8243; button_bg_enable_color__hover=\u00bbon\u00bb button_border_color__hover_enabled=\u00bbon|desktop\u00bb button_border_color__hover=\u00bb#2B6CB0&#8243; sticky_enabled=\u00bb0&#8243;][\/et_pb_button][\/et_pb_column][\/et_pb_row][\/et_pb_section][et_pb_section fb_built=\u00bb1&#8243; prev_background_color=\u00bb#ffffff\u00bb next_background_color=\u00bb#ffffff\u00bb _builder_version=\u00bb4.19.5&#8243; _module_preset=\u00bbdefault\u00bb background_color=\u00bb#EDF2F7&#8243; top_divider_style=\u00bbcurve\u00bb top_divider_flip=\u00bbvertical\u00bb bottom_divider_style=\u00bbcurve\u00bb bottom_divider_repeat=\u00bb1x\u00bb bottom_divider_flip=\u00bbhorizontal\u00bb global_colors_info=\u00bb{}\u00bb][et_pb_row _builder_version=\u00bb4.19.5&#8243; _module_preset=\u00bbdefault\u00bb width_tablet=\u00bb\u00bb width_phone=\u00bb100%\u00bb width_last_edited=\u00bbon|phone\u00bb custom_padding=\u00bb|20px||20px|false|true\u00bb border_radii=\u00bbon|3px|3px|3px|3px\u00bb global_colors_info=\u00bb{}\u00bb][et_pb_column type=\u00bb4_4&#8243; _builder_version=\u00bb4.19.5&#8243; _module_preset=\u00bbdefault\u00bb global_colors_info=\u00bb{}\u00bb][et_pb_text _builder_version=\u00bb4.23&#8243; _module_preset=\u00bbdefault\u00bb text_font=\u00bb||||||||\u00bb position_origin_a=\u00bbcenter_center\u00bb vertical_offset=\u00bb55px\u00bb vertical_offset_tablet=\u00bb0px\u00bb vertical_offset_phone=\u00bb0px\u00bb vertical_offset_last_edited=\u00bbon|tablet\u00bb position_origin_a_tablet=\u00bbcenter_center\u00bb position_origin_a_phone=\u00bbcenter_center\u00bb position_origin_a_last_edited=\u00bbon|desktop\u00bb position_origin_f_tablet=\u00bb\u00bb position_origin_f_phone=\u00bb\u00bb position_origin_f_last_edited=\u00bbon|desktop\u00bb width=\u00bb100%\u00bb hover_enabled=\u00bb0&#8243; custom_css_main_element=\u00bbfont-weight: 400;\u00bb global_colors_info=\u00bb{}\u00bb sticky_enabled=\u00bb0&#8243;]<\/p>\n<h2><img loading=\"lazy\" decoding=\"async\" src=\"https:\/\/delthapharma.com\/en\/wp-content\/uploads\/2023\/07\/certification-iso9001-300x290.png\" width=\"300\" height=\"290\" alt=\"\" class=\"wp-image-251388 alignleft size-medium\" srcset=\"https:\/\/delthapharma.com\/es\/wp-content\/uploads\/2023\/07\/certification-iso9001-300x290.png 300w, https:\/\/delthapharma.com\/es\/wp-content\/uploads\/2023\/07\/certification-iso9001-64x62.png 64w, https:\/\/delthapharma.com\/es\/wp-content\/uploads\/2023\/07\/certification-iso9001.png 337w\" sizes=\"(max-width: 300px) 100vw, 300px\" \/><\/h2>\n<h2>Certificaci\u00f3n ISO 9001<\/h2>\n<p>Con el objetivo de cumplir con los criterios de calidad para la gesti\u00f3n de productos y procesos de negocio, Deltha Pharma ha establecido un sistema de gesti\u00f3n de calidad y ha obtenido la certificaci\u00f3n ISO 9001.<\/p>\n<p>A trav\u00e9s de un compromiso profundo y constante, Deltha Pharma ha optimizado sus procedimientos y estructura organizacional de acuerdo con los est\u00e1ndares establecidos. De esta forma, el cliente final puede tener plena confianza de que los productos comercializados corresponden a determinadas especificaciones y que todos los pasos de su producci\u00f3n son trazables y verificables.<\/p>\n<p>La trazabilidad est\u00e1 asegurada a lo largo de toda la cadena de suministro, desde las materias primas hasta el producto terminado. Todos los requisitos legales se verifican peri\u00f3dicamente. Se han establecido KPI (indicadores de calidad) espec\u00edficos con los que se eval\u00faan todos los procesos y se toman las medidas necesarias.<\/p>\n<p>[\/et_pb_text][et_pb_button button_url=\u00bbhttps:\/\/delthapharma.com\/en\/wp-content\/uploads\/2023\/05\/ISO9001-Intercert-EMS-Transfer-Italian.pdf\u00bb url_new_window=\u00bbon\u00bb button_text=\u00bbDescarga la certificaci\u00f3n (EN)\u00bb _builder_version=\u00bb4.23&#8243; _module_preset=\u00bbdefault\u00bb custom_button=\u00bbon\u00bb button_icon=\u00bb&#xf1c1;||fa||400&#8243; button_icon_placement=\u00bbleft\u00bb button_on_hover=\u00bboff\u00bb hover_enabled=\u00bb0&#8243; locked=\u00bboff\u00bb global_colors_info=\u00bb{}\u00bb button_bg_color__hover_enabled=\u00bbon|hover\u00bb button_bg_color__hover=\u00bb#2B6CB0&#8243; button_bg_enable_color__hover=\u00bbon\u00bb button_border_color__hover_enabled=\u00bbon|desktop\u00bb button_border_color__hover=\u00bb#2B6CB0&#8243; sticky_enabled=\u00bb0&#8243;][\/et_pb_button][\/et_pb_column][\/et_pb_row][\/et_pb_section][et_pb_section fb_built=\u00bb1&#8243; _builder_version=\u00bb4.19.5&#8243; _module_preset=\u00bbdefault\u00bb background_enable_color=\u00bboff\u00bb top_divider_flip=\u00bbvertical\u00bb bottom_divider_repeat=\u00bb1x\u00bb bottom_divider_flip=\u00bbhorizontal\u00bb global_colors_info=\u00bb{}\u00bb][et_pb_row _builder_version=\u00bb4.19.5&#8243; _module_preset=\u00bbdefault\u00bb width_tablet=\u00bb\u00bb width_phone=\u00bb100%\u00bb width_last_edited=\u00bbon|phone\u00bb custom_padding=\u00bb|20px||20px|false|true\u00bb border_radii=\u00bbon|3px|3px|3px|3px\u00bb global_colors_info=\u00bb{}\u00bb][et_pb_column type=\u00bb4_4&#8243; _builder_version=\u00bb4.19.5&#8243; _module_preset=\u00bbdefault\u00bb global_colors_info=\u00bb{}\u00bb][et_pb_text _builder_version=\u00bb4.23&#8243; _module_preset=\u00bbdefault\u00bb text_font=\u00bb||||||||\u00bb hover_enabled=\u00bb0&#8243; custom_css_main_element=\u00bbfont-weight: 400;\u00bb global_colors_info=\u00bb{}\u00bb sticky_enabled=\u00bb0&#8243;]<\/p>\n<h2><img loading=\"lazy\" decoding=\"async\" src=\"https:\/\/delthapharma.com\/en\/wp-content\/uploads\/2023\/07\/certification-iso14001.png\" width=\"306\" height=\"318\" alt=\"\" class=\"wp-image-251389 alignright size-full\" srcset=\"https:\/\/delthapharma.com\/es\/wp-content\/uploads\/2023\/07\/certification-iso14001.png 306w, https:\/\/delthapharma.com\/es\/wp-content\/uploads\/2023\/07\/certification-iso14001-289x300.png 289w, https:\/\/delthapharma.com\/es\/wp-content\/uploads\/2023\/07\/certification-iso14001-64x67.png 64w\" sizes=\"(max-width: 306px) 100vw, 306px\" \/><\/h2>\n<h2>Certificaci\u00f3n ISO 14001<\/h2>\n<p>Delta Pharma est\u00e1 activamente comprometida con la sostenibilidad ambiental; En 2020 Deltha Pharma inici\u00f3 el proyecto &#8216;Delthapharma Green&#8217;, que posteriormente condujo a la implementaci\u00f3n de la norma ISO 14001. Esta certificaci\u00f3n prescribe los requisitos para un sistema de gesti\u00f3n ambiental.<\/p>\n<p>Deltha Pharma se esfuerza peri\u00f3dicamente por lograr una gesti\u00f3n totalmente sostenible en todos los aspectos de las operaciones de la empresa. El programa, que comenz\u00f3 el 1 de enero de 2020, incluye una serie de cambios que afectan tanto al d\u00eda a d\u00eda de la empresa como a determinados aspectos de los productos.<\/p>\n<p>Delthapharma contribuye a iniciativas ecol\u00f3gicas para mejorar nuestro planeta y se compromete a incentivar el \u00abcomportamiento virtuoso\u00bb de los proveedores y subcontratistas involucrados.<\/p>\n<p>[\/et_pb_text][et_pb_button button_url=\u00bbhttps:\/\/delthapharma.com\/en\/wp-content\/uploads\/2023\/05\/ISO14001-Intercert-EMS-Transfer-Italian.pdf\u00bb url_new_window=\u00bbon\u00bb button_text=\u00bbDescarga la certificaci\u00f3n (EN)\u00bb _builder_version=\u00bb4.23&#8243; _module_preset=\u00bbdefault\u00bb custom_button=\u00bbon\u00bb button_icon=\u00bb&#xf1c1;||fa||400&#8243; button_icon_placement=\u00bbleft\u00bb button_on_hover=\u00bboff\u00bb hover_enabled=\u00bb0&#8243; locked=\u00bboff\u00bb global_colors_info=\u00bb{}\u00bb button_bg_color__hover_enabled=\u00bbon|hover\u00bb button_bg_color__hover=\u00bb#2B6CB0&#8243; button_bg_enable_color__hover=\u00bbon\u00bb button_border_color__hover_enabled=\u00bbon|desktop\u00bb button_border_color__hover=\u00bb#2B6CB0&#8243; sticky_enabled=\u00bb0&#8243;][\/et_pb_button][\/et_pb_column][\/et_pb_row][\/et_pb_section][et_pb_section fb_built=\u00bb1&#8243; prev_background_color=\u00bb#ffffff\u00bb next_background_color=\u00bb#ffffff\u00bb _builder_version=\u00bb4.19.5&#8243; _module_preset=\u00bbdefault\u00bb background_color=\u00bb#EDF2F7&#8243; top_divider_style=\u00bbwave\u00bb bottom_divider_style=\u00bbwave\u00bb bottom_divider_repeat=\u00bb1x\u00bb bottom_divider_flip=\u00bbhorizontal\u00bb border_width_bottom=\u00bb1px\u00bb border_color_bottom=\u00bb#EDF2F7&#8243; global_colors_info=\u00bb{}\u00bb][et_pb_row _builder_version=\u00bb4.19.5&#8243; _module_preset=\u00bbdefault\u00bb width_tablet=\u00bb\u00bb width_phone=\u00bb100%\u00bb width_last_edited=\u00bbon|phone\u00bb custom_padding=\u00bb|20px||20px|false|true\u00bb border_radii=\u00bbon|3px|3px|3px|3px\u00bb global_colors_info=\u00bb{}\u00bb][et_pb_column type=\u00bb4_4&#8243; _builder_version=\u00bb4.19.5&#8243; _module_preset=\u00bbdefault\u00bb global_colors_info=\u00bb{}\u00bb][et_pb_text _builder_version=\u00bb4.23&#8243; _module_preset=\u00bbdefault\u00bb text_font=\u00bb||||||||\u00bb positioning=\u00bbrelative\u00bb position_origin_a=\u00bbcenter_center\u00bb vertical_offset=\u00bb35px\u00bb vertical_offset_tablet=\u00bb0px\u00bb vertical_offset_phone=\u00bb0px\u00bb vertical_offset_last_edited=\u00bbon|desktop\u00bb position_origin_a_tablet=\u00bbcenter_center\u00bb position_origin_a_phone=\u00bbcenter_center\u00bb position_origin_a_last_edited=\u00bbon|desktop\u00bb position_origin_f_tablet=\u00bb\u00bb position_origin_f_phone=\u00bb\u00bb position_origin_f_last_edited=\u00bbon|desktop\u00bb width=\u00bb100%\u00bb hover_enabled=\u00bb0&#8243; custom_css_main_element=\u00bbfont-weight: 400;\u00bb global_colors_info=\u00bb{}\u00bb link_text_color__hover_enabled=\u00bbon|desktop\u00bb link_text_color__hover=\u00bb#2B6CB0&#8243; sticky_enabled=\u00bb0&#8243;]<\/p>\n<h2><img loading=\"lazy\" decoding=\"async\" src=\"https:\/\/delthapharma.com\/en\/wp-content\/uploads\/2023\/02\/logo-ifos-300x256.png\" width=\"300\" height=\"256\" alt=\"\" class=\"wp-image-1147 alignleft size-medium\" srcset=\"https:\/\/delthapharma.com\/es\/wp-content\/uploads\/2023\/02\/logo-ifos-300x256.png 300w, https:\/\/delthapharma.com\/es\/wp-content\/uploads\/2023\/02\/logo-ifos-768x655.png 768w, https:\/\/delthapharma.com\/es\/wp-content\/uploads\/2023\/02\/logo-ifos-480x410.png 480w, https:\/\/delthapharma.com\/es\/wp-content\/uploads\/2023\/02\/logo-ifos-600x512.png 600w, https:\/\/delthapharma.com\/es\/wp-content\/uploads\/2023\/02\/logo-ifos.png 900w\" sizes=\"(max-width: 300px) 100vw, 300px\" \/><\/h2>\n<h2>Certificaci\u00f3n IFOS 5 ESTRELLAS<\/h2>\n<p>En los mercados internacionales existen muchos productos Omega-3. Sin embargo, \u00a1es dif\u00edcil encontrar unos de alta calidad!<\/p>\n<p>La certificaci\u00f3n de calidad m\u00e1s conocida es la representada por la marca IFOS (International Fish Oil Standards), un protocolo de an\u00e1lisis realizado por un organismo independiente (Nutrasource) que analiza estricta y rigurosamente la calidad composicional del aceite de pescado y estima<\/p>\n<ul>\n<li>el porcentaje de omega-3<\/li>\n<li>la presencia de contaminantes<\/li>\n<li>la estabilidad qu\u00edmica y f\u00edsica<\/li>\n<\/ul>\n<p>\u00a1La certificaci\u00f3n IFOS es, por tanto, sin\u00f3nimo de calidad absoluta! Todos nuestros lotes Meganet est\u00e1n certificados por IFOS. Consulte nuestros lotes certificados en <a href=\"https:\/\/certifications.nutrasource.ca\/certified-products\/product?id=DEPH\" target=\"_blank\" rel=\"noopener\">este sitio web<\/a>.<\/p>\n<p>[\/et_pb_text][\/et_pb_column][\/et_pb_row][\/et_pb_section]<\/p>\n","protected":false},"excerpt":{"rendered":"<p>Certificaci\u00f3n HACCP Deltha Pharma, empresa que desarrolla y distribuye complementos alimenticios, ha obtenido la certificaci\u00f3n HACCP, que acredita el cumplimiento constante y estricto de todos los protocolos y procedimientos destinados a prevenir los riesgos que puedan ocurrir en el \u00e1mbito de la seguridad alimentaria. Certificaci\u00f3n ISO 9001 Con el objetivo de cumplir con los criterios [&hellip;]<\/p>\n","protected":false},"author":1,"featured_media":0,"parent":0,"menu_order":0,"comment_status":"closed","ping_status":"closed","template":"","meta":{"_et_pb_use_builder":"on","_et_pb_old_content":"","_et_gb_content_width":"","footnotes":""},"class_list":["post-1143","page","type-page","status-publish","hentry"],"_links":{"self":[{"href":"https:\/\/delthapharma.com\/es\/wp-json\/wp\/v2\/pages\/1143","targetHints":{"allow":["GET"]}}],"collection":[{"href":"https:\/\/delthapharma.com\/es\/wp-json\/wp\/v2\/pages"}],"about":[{"href":"https:\/\/delthapharma.com\/es\/wp-json\/wp\/v2\/types\/page"}],"author":[{"embeddable":true,"href":"https:\/\/delthapharma.com\/es\/wp-json\/wp\/v2\/users\/1"}],"replies":[{"embeddable":true,"href":"https:\/\/delthapharma.com\/es\/wp-json\/wp\/v2\/comments?post=1143"}],"version-history":[{"count":0,"href":"https:\/\/delthapharma.com\/es\/wp-json\/wp\/v2\/pages\/1143\/revisions"}],"wp:attachment":[{"href":"https:\/\/delthapharma.com\/es\/wp-json\/wp\/v2\/media?parent=1143"}],"curies":[{"name":"wp","href":"https:\/\/api.w.org\/{rel}","templated":true}]}}