{"id":73,"date":"2023-02-07T21:08:15","date_gmt":"2023-02-07T21:08:15","guid":{"rendered":"https:\/\/staging.delthapharma.com\/?page_id=73"},"modified":"2024-10-21T08:32:14","modified_gmt":"2024-10-21T08:32:14","slug":"home","status":"publish","type":"page","link":"https:\/\/delthapharma.com\/es\/","title":{"rendered":"Home"},"content":{"rendered":"<p>[et_pb_section fb_built=\u00bb1&#8243; fullwidth=\u00bbon\u00bb _builder_version=\u00bb4.20.4&#8243; _module_preset=\u00bbdefault\u00bb global_colors_info=\u00bb{}\u00bb][et_pb_fullwidth_slider _builder_version=\u00bb4.23&#8243; _module_preset=\u00bbdefault\u00bb header_font=\u00bb||||||||\u00bb body_font=\u00bb||||||||\u00bb body_font_size=\u00bb1.4em\u00bb background_color=\u00bb#FFFFFF\u00bb custom_button=\u00bbon\u00bb button_text_size=\u00bb1.5em\u00bb button_bg_color=\u00bb#2B6CB0&#8243; button_border_width=\u00bb0px\u00bb button_letter_spacing=\u00bb0.7px\u00bb button_icon=\u00bb&#xe07a;||divi||400&#8243; button_icon_placement=\u00bbleft\u00bb custom_margin=\u00bb||||false|false\u00bb header_font_size_phone=\u00bb1em\u00bb header_font_size_last_edited=\u00bboff|desktop\u00bb body_font_size_tablet=\u00bb1.4em\u00bb body_font_size_phone=\u00bb0.8em\u00bb body_font_size_last_edited=\u00bbon|desktop\u00bb button_text_size_tablet=\u00bb1.5em\u00bb button_text_size_phone=\u00bb1em\u00bb button_text_size_last_edited=\u00bbon|desktop\u00bb global_colors_info=\u00bb{}\u00bb button_bg_color__hover_enabled=\u00bbon|hover\u00bb button_bg_color__hover=\u00bb#E3752C\u00bb button_bg_enable_color__hover=\u00bbon\u00bb transform_translate__hover_enabled=\u00bbon|desktop\u00bb transform_rotate__hover_enabled=\u00bbon|desktop\u00bb transform_skew__hover_enabled=\u00bbon|desktop\u00bb transform_origin__hover_enabled=\u00bbon|desktop\u00bb][et_pb_slide heading=\u00bbAll Natural, All Italian\u00bb button_text=\u00bbCompra nuestros productos\u00bb button_link=\u00bb@ET-DC@eyJkeW5hbWljIjp0cnVlLCJjb250ZW50IjoicG9zdF9saW5rX3VybF9wYWdlIiwic2V0dGluZ3MiOnsicG9zdF9pZCI6IjYifX0=@\u00bb _builder_version=\u00bb4.23&#8243; _dynamic_attributes=\u00bbbutton_link\u00bb _module_preset=\u00bbdefault\u00bb header_font=\u00bb||||||||\u00bb header_font_size=\u00bb3.4em\u00bb body_font=\u00bb|300||on|||||\u00bb body_font_size=\u00bb1.4em\u00bb body_letter_spacing=\u00bb6px\u00bb background_color=\u00bbrgba(113,128,150,0.2)\u00bb background_enable_color=\u00bbon\u00bb background_image=\u00bbhttps:\/\/delthapharma.com\/en\/wp-content\/uploads\/2023\/02\/ufficio3.jpeg\u00bb background_enable_image=\u00bbon\u00bb background_blend=\u00bbmultiply\u00bb background_enable_video_mp4=\u00bboff\u00bb custom_button=\u00bbon\u00bb button_text_size=\u00bb1.4em\u00bb button_letter_spacing=\u00bb0.8px\u00bb button_font=\u00bb||||||||\u00bb button_use_icon=\u00bbon\u00bb button_icon=\u00bb&#xe07a;||divi||400&#8243; button_icon_placement=\u00bbleft\u00bb button_on_hover=\u00bboff\u00bb button_custom_margin_last_edited=\u00bboff|phone\u00bb button_custom_padding_last_edited=\u00bboff|phone\u00bb header_font_size_tablet=\u00bb3.2em\u00bb header_font_size_phone=\u00bb1.7em\u00bb header_font_size_last_edited=\u00bbon|desktop\u00bb body_font_size_tablet=\u00bb1.4em\u00bb body_font_size_phone=\u00bb0.8em\u00bb body_font_size_last_edited=\u00bbon|phone\u00bb body_letter_spacing_tablet=\u00bb3px\u00bb body_letter_spacing_phone=\u00bb1px\u00bb body_letter_spacing_last_edited=\u00bbon|phone\u00bb button_text_size_tablet=\u00bb1.4em\u00bb button_text_size_phone=\u00bb1em\u00bb button_text_size_last_edited=\u00bbon|phone\u00bb custom_css_slide_title=\u00bbfont-weight: 700;\u00bb custom_css_slide_button=\u00bbfont-weight: 400;\u00bb global_colors_info=\u00bb{}\u00bb sticky_transition=\u00bbon\u00bb]<\/p>\n<p>Visita nuestra tienda en l\u00ednea<\/p>\n<p>[\/et_pb_slide][\/et_pb_fullwidth_slider][\/et_pb_section][et_pb_section fb_built=\u00bb1&#8243; next_background_color=\u00bb#ffffff\u00bb _builder_version=\u00bb4.19.5&#8243; _module_preset=\u00bbdefault\u00bb background_color=\u00bbrgba(25,115,150,0.15)\u00bb custom_padding=\u00bb2em||||false|false\u00bb top_divider_color=\u00bbrgba(51,178,203,0.26)\u00bb top_divider_height=\u00bb55vh\u00bb top_divider_flip=\u00bbvertical|horizontal\u00bb bottom_divider_style=\u00bbwaves2&#8243; global_colors_info=\u00bb{}\u00bb][et_pb_row _builder_version=\u00bb4.19.5&#8243; _module_preset=\u00bbdefault\u00bb width_tablet=\u00bb\u00bb width_phone=\u00bb100%\u00bb width_last_edited=\u00bbon|phone\u00bb custom_padding=\u00bb|20px||20px|false|true\u00bb global_colors_info=\u00bb{}\u00bb][et_pb_column type=\u00bb4_4&#8243; _builder_version=\u00bb4.17.6&#8243; _module_preset=\u00bbdefault\u00bb global_colors_info=\u00bb{}\u00bb][et_pb_code _builder_version=\u00bb4.22.1&#8243; _module_preset=\u00bbdefault\u00bb global_colors_info=\u00bb{}\u00bb]<script src=\"https:\/\/delthapharma.activehosted.com\/f\/embed.php?id=3\" type=\"text\/javascript\" charset=\"utf-8\"><\/script>[\/et_pb_code][et_pb_text _builder_version=\u00bb4.23&#8243; _module_preset=\u00bbdefault\u00bb header_font=\u00bb|600|||||||\u00bb header_text_color=\u00bb#197396&#8243; custom_margin=\u00bb||||false|false\u00bb custom_padding=\u00bb||||false|false\u00bb animation_direction=\u00bbleft\u00bb text_text_color_tablet=\u00bb\u00bb text_text_color_phone=\u00bb\u00bb text_text_color_last_edited=\u00bbon|phone\u00bb text_font_size_tablet=\u00bb\u00bb text_font_size_phone=\u00bb12px\u00bb text_font_size_last_edited=\u00bbon|phone\u00bb header_text_align_tablet=\u00bb\u00bb header_text_align_phone=\u00bbcenter\u00bb header_text_align_last_edited=\u00bbon|desktop\u00bb header_font_size_tablet=\u00bb30px\u00bb header_font_size_phone=\u00bb26px\u00bb header_font_size_last_edited=\u00bbon|desktop\u00bb custom_css_main_element=\u00bbfont-weight: 400;\u00bb global_colors_info=\u00bb{}\u00bb]<\/p>\n<h1>Productos destacados<\/h1>\n<p>[\/et_pb_text][et_pb_shop type=\u00bbfeatured\u00bb posts_number=\u00bb4&#8243; columns_number=\u00bb4&#8243; orderby=\u00bbdate-desc\u00bb icon_hover_color=\u00bb#004B61&#8243; hover_overlay_color=\u00bbrgba(255,255,255,0.3)\u00bb hover_icon=\u00bb&#xf06e;||fa||400&#8243; show_rating=\u00bboff\u00bb _builder_version=\u00bb4.20.4&#8243; _module_preset=\u00bbdefault\u00bb title_font=\u00bb||||||||\u00bb title_text_color=\u00bb#1a202c\u00bb title_font_size=\u00bb1em\u00bb price_text_color=\u00bb#242424&#8243; price_font_size=\u00bb0.9em\u00bb custom_padding=\u00bb5px||5px||true|false\u00bb price_font_size_last_edited=\u00bboff|desktop\u00bb custom_css_image=\u00bbbackground-color: #ffffff;||border-radius: 3px 35px 3px 35px;;\u00bb border_radii_image=\u00bboff|3px|35px|3px|35px\u00bb box_shadow_style_image=\u00bbpreset1&#8243; box_shadow_spread_image=\u00bb-12px\u00bb global_colors_info=\u00bb{}\u00bb box_shadow_spread_image__hover_enabled=\u00bbon|hover\u00bb box_shadow_spread_image__hover=\u00bb-4px\u00bb price_line_height__hover_enabled=\u00bboff|desktop\u00bb price_font_size__hover_enabled=\u00bboff|desktop\u00bb transform_translate__hover_enabled=\u00bbon|desktop\u00bb transform_rotate__hover_enabled=\u00bbon|desktop\u00bb transform_skew__hover_enabled=\u00bbon|desktop\u00bb transform_origin__hover_enabled=\u00bbon|desktop\u00bb][\/et_pb_shop][\/et_pb_column][\/et_pb_row][\/et_pb_section][et_pb_section fb_built=\u00bb1&#8243; _builder_version=\u00bb4.19.5&#8243; _module_preset=\u00bbdefault\u00bb global_colors_info=\u00bb{}\u00bb][et_pb_row column_structure=\u00bb1_2,1_2&#8243; _builder_version=\u00bb4.19.5&#8243; _module_preset=\u00bbdefault\u00bb width_tablet=\u00bb\u00bb width_phone=\u00bb100%\u00bb width_last_edited=\u00bbon|phone\u00bb custom_padding=\u00bb|20px||20px|false|true\u00bb global_colors_info=\u00bb{}\u00bb][et_pb_column type=\u00bb1_2&#8243; _builder_version=\u00bb4.17.6&#8243; _module_preset=\u00bbdefault\u00bb global_colors_info=\u00bb{}\u00bb][et_pb_text _builder_version=\u00bb4.23&#8243; _module_preset=\u00bbdefault\u00bb text_font=\u00bb|300||on|||||\u00bb text_text_color=\u00bb#004B61&#8243; text_font_size=\u00bb1.1em\u00bb text_letter_spacing=\u00bb3.5px\u00bb custom_margin=\u00bb||5px||false|false\u00bb custom_padding=\u00bb||||false|false\u00bb text_font_size_tablet=\u00bb1.1em\u00bb text_font_size_phone=\u00bb1em\u00bb text_font_size_last_edited=\u00bbon|phone\u00bb text_orientation_tablet=\u00bb\u00bb text_orientation_phone=\u00bbcenter\u00bb text_orientation_last_edited=\u00bbon|phone\u00bb global_colors_info=\u00bb{}\u00bb]<\/p>\n<p>En evidencia<\/p>\n<p>[\/et_pb_text][et_pb_text _builder_version=\u00bb4.23&#8243; _module_preset=\u00bbdefault\u00bb header_font=\u00bb|600|||||||\u00bb header_text_color=\u00bb#197396&#8243; animation_direction=\u00bbleft\u00bb header_text_align_tablet=\u00bb\u00bb header_text_align_phone=\u00bbcenter\u00bb header_text_align_last_edited=\u00bbon|phone\u00bb header_font_size_tablet=\u00bb30px\u00bb header_font_size_phone=\u00bb26px\u00bb header_font_size_last_edited=\u00bbon|phone\u00bb custom_css_main_element=\u00bbfont-weight: 400;\u00bb global_colors_info=\u00bb{}\u00bb]<\/p>\n<h1>Masurota y la microbiota intestinal<\/h1>\n<p>En 2020, Deltha Pharma inici\u00f3 una valiosa colaboraci\u00f3n con la Universit\u00e0 Cattolica del Sacro Cuore, en particular con el profesor Cammarota y el profesor Masucci del Hospital Policl\u00ednico A. Gemelli de Roma.<br \/><img loading=\"lazy\" decoding=\"async\" src=\"https:\/\/delthapharma.com\/en\/wp-content\/uploads\/2023\/02\/ucsc_logo_0-300x201-1-300x201.png\" width=\"300\" height=\"201\" alt=\"\" class=\"wp-image-769 alignleft size-medium\" srcset=\"https:\/\/delthapharma.com\/es\/wp-content\/uploads\/2023\/02\/ucsc_logo_0-300x201-1-300x201.png 300w, https:\/\/delthapharma.com\/es\/wp-content\/uploads\/2023\/02\/ucsc_logo_0-300x201-1-768x514.png 768w, https:\/\/delthapharma.com\/es\/wp-content\/uploads\/2023\/02\/ucsc_logo_0-300x201-1-980x656.png 980w, https:\/\/delthapharma.com\/es\/wp-content\/uploads\/2023\/02\/ucsc_logo_0-300x201-1-480x321.png 480w, https:\/\/delthapharma.com\/es\/wp-content\/uploads\/2023\/02\/ucsc_logo_0-300x201-1-600x402.png 600w, https:\/\/delthapharma.com\/es\/wp-content\/uploads\/2023\/02\/ucsc_logo_0-300x201-1.png 986w\" sizes=\"(max-width: 300px) 100vw, 300px\" \/>El resultado de esta colaboraci\u00f3n es MASUROTA, una l\u00ednea de probi\u00f3ticos patentados, con una composici\u00f3n de 9 cepas bacterianas, en altas dosis, en c\u00e1psulas DR vegetales gastrorresistentes.<\/p>\n<p>La formulaci\u00f3n muy innovadora se basa en la composici\u00f3n de la microbiota intestinal de sujetos sanos. Fue creado para imitar la microbiota de donantes fecales para el trasplante de microbiota intestinal, una pr\u00e1ctica iniciada en el Hospital Policl\u00ednico A. Gemelli y todav\u00eda hoy muy eficaz para diversas enfermedades, incluidas las graves.<\/p>\n<p>Se han realizado varias pruebas sobre el producto, entre ellas la muy importante, la tipificaci\u00f3n de la microbiota tras la ingesta oral, en la que se ha visto la evoluci\u00f3n de la composici\u00f3n de pacientes con disbiosis y actualmente se encuentran en curso varios ensayos cl\u00ednicos.<\/p>\n<p>[\/et_pb_text][\/et_pb_column][et_pb_column type=\u00bb1_2&#8243; _builder_version=\u00bb4.17.6&#8243; _module_preset=\u00bbdefault\u00bb global_colors_info=\u00bb{}\u00bb][et_pb_video src=\u00bbhttps:\/\/youtu.be\/PR0FCnU7bM4&#8243; _builder_version=\u00bb4.21.0&#8243; _module_preset=\u00bbdefault\u00bb transform_scale_tablet=\u00bb\u00bb transform_scale_phone=\u00bb\u00bb transform_scale_last_edited=\u00bbon|phone\u00bb transform_translate=\u00bb0px|42px\u00bb transform_translate_tablet=\u00bb0px|42px\u00bb transform_translate_phone=\u00bb0px|0px\u00bb transform_translate_last_edited=\u00bbon|phone\u00bb transform_rotate_tablet=\u00bb\u00bb transform_rotate_phone=\u00bb\u00bb transform_rotate_last_edited=\u00bbon|phone\u00bb transform_skew_tablet=\u00bb\u00bb transform_skew_phone=\u00bb\u00bb transform_skew_last_edited=\u00bbon|phone\u00bb transform_origin_tablet=\u00bb\u00bb transform_origin_phone=\u00bb\u00bb transform_origin_last_edited=\u00bbon|phone\u00bb transform_styles_last_edited=\u00bbon|phone\u00bb animation_direction=\u00bbright\u00bb transform_styles_tablet=\u00bb\u00bb transform_styles_phone=\u00bb\u00bb global_colors_info=\u00bb{}\u00bb][\/et_pb_video][\/et_pb_column][\/et_pb_row][\/et_pb_section][et_pb_section fb_built=\u00bb1&#8243; _builder_version=\u00bb4.19.5&#8243; _module_preset=\u00bbdefault\u00bb background_color=\u00bb#197396&#8243; custom_padding=\u00bb2em||||false|false\u00bb bottom_divider_style=\u00bbwave\u00bb bottom_divider_color=\u00bb#004B61&#8243; bottom_divider_height=\u00bb70%\u00bb bottom_divider_flip=\u00bbhorizontal|vertical\u00bb global_colors_info=\u00bb{}\u00bb][et_pb_row _builder_version=\u00bb4.19.5&#8243; _module_preset=\u00bbdefault\u00bb width_tablet=\u00bb\u00bb width_phone=\u00bb100%\u00bb width_last_edited=\u00bbon|phone\u00bb custom_padding=\u00bb0px|20px||20px|false|true\u00bb global_colors_info=\u00bb{}\u00bb][et_pb_column type=\u00bb4_4&#8243; _builder_version=\u00bb4.17.6&#8243; _module_preset=\u00bbdefault\u00bb global_colors_info=\u00bb{}\u00bb][et_pb_text _builder_version=\u00bb4.23&#8243; _module_preset=\u00bbdefault\u00bb text_text_color=\u00bb#FFFFFF\u00bb text_font_size=\u00bb30px\u00bb text_line_height=\u00bb1.2em\u00bb text_orientation=\u00bbcenter\u00bb animation_style=\u00bbslide\u00bb animation_direction=\u00bbtop\u00bb animation_duration=\u00bb800ms\u00bb text_font_size_tablet=\u00bb30px\u00bb text_font_size_phone=\u00bb26px\u00bb text_font_size_last_edited=\u00bbon|phone\u00bb global_colors_info=\u00bb{}\u00bb]<\/p>\n<p>Por qu\u00e9 Delta Pharma<\/p>\n<p>[\/et_pb_text][\/et_pb_column][\/et_pb_row][et_pb_row column_structure=\u00bb1_4,1_4,1_4,1_4&#8243; _builder_version=\u00bb4.19.5&#8243; _module_preset=\u00bbdefault\u00bb width_tablet=\u00bb\u00bb width_phone=\u00bb100%\u00bb width_last_edited=\u00bbon|phone\u00bb custom_padding=\u00bb|20px||20px|false|true\u00bb global_colors_info=\u00bb{}\u00bb][et_pb_column type=\u00bb1_4&#8243; _builder_version=\u00bb4.17.6&#8243; _module_preset=\u00bbdefault\u00bb global_colors_info=\u00bb{}\u00bb][et_pb_blurb title=\u00bbInnovaci\u00f3n\u00bb use_icon=\u00bbon\u00bb font_icon=\u00bb&#xe00a;||divi||400&#8243; icon_color=\u00bb#FFFFFF\u00bb image_icon_width=\u00bb70px\u00bb _builder_version=\u00bb4.23&#8243; _module_preset=\u00bbdefault\u00bb header_level=\u00bbh2&#8243; header_font=\u00bb||||||||\u00bb header_text_align=\u00bbcenter\u00bb header_text_color=\u00bb#FFFFFF\u00bb header_font_size=\u00bb22px\u00bb body_font=\u00bb|300|||||||\u00bb body_text_align=\u00bbcenter\u00bb body_text_color=\u00bb#FFFFFF\u00bb body_font_size=\u00bb0.9em\u00bb global_colors_info=\u00bb{}\u00bb]<\/p>\n<p>Materias primas de \u00faltima generaci\u00f3n y formulaciones innovadoras (c\u00e9lulas madre vegetales, nanopart\u00edculas) y colaboraciones con Centros de Investigaci\u00f3n Universitarios<\/p>\n<p>[\/et_pb_blurb][\/et_pb_column][et_pb_column type=\u00bb1_4&#8243; _builder_version=\u00bb4.17.6&#8243; _module_preset=\u00bbdefault\u00bb global_colors_info=\u00bb{}\u00bb][et_pb_blurb title=\u00bbCalidad\u00bb use_icon=\u00bbon\u00bb font_icon=\u00bb&#xf610;||fa||900&#8243; icon_color=\u00bb#FFFFFF\u00bb image_icon_width=\u00bb70px\u00bb _builder_version=\u00bb4.23&#8243; _module_preset=\u00bbdefault\u00bb header_level=\u00bbh2&#8243; header_font=\u00bb||||||||\u00bb header_text_align=\u00bbcenter\u00bb header_text_color=\u00bb#FFFFFF\u00bb header_font_size=\u00bb22px\u00bb body_font=\u00bb|300|||||||\u00bb body_text_align=\u00bbcenter\u00bb body_text_color=\u00bb#FFFFFF\u00bb body_font_size=\u00bb0.9em\u00bb body_font_size_tablet=\u00bb0.9em\u00bb body_font_size_phone=\u00bb0.9em\u00bb body_font_size_last_edited=\u00bbon|phone\u00bb global_colors_info=\u00bb{}\u00bb]<\/p>\n<p>Materias primas de alta calidad, de origen natural, con altas dosificaciones y alto contenido. Todo ello garantizando una producci\u00f3n estandarizada.<\/p>\n<p>[\/et_pb_blurb][\/et_pb_column][et_pb_column type=\u00bb1_4&#8243; _builder_version=\u00bb4.17.6&#8243; _module_preset=\u00bbdefault\u00bb global_colors_info=\u00bb{}\u00bb][et_pb_blurb title=\u00bbEficacia\u00bb use_icon=\u00bbon\u00bb font_icon=\u00bb&#xf4be;||fa||900&#8243; icon_color=\u00bb#FFFFFF\u00bb image_icon_width=\u00bb70px\u00bb _builder_version=\u00bb4.23&#8243; _module_preset=\u00bbdefault\u00bb header_level=\u00bbh2&#8243; header_font=\u00bb||||||||\u00bb header_text_align=\u00bbcenter\u00bb header_text_color=\u00bb#FFFFFF\u00bb header_font_size=\u00bb22px\u00bb body_font=\u00bb|300|||||||\u00bb body_text_align=\u00bbcenter\u00bb body_text_color=\u00bb#FFFFFF\u00bb body_font_size=\u00bb0.9em\u00bb global_colors_info=\u00bb{}\u00bb]<\/p>\n<p>Validaci\u00f3n mediante protocolos cl\u00ednicos y sinergia funcional para una correcta dosificaci\u00f3n de los principios activos.<\/p>\n<p>[\/et_pb_blurb][\/et_pb_column][et_pb_column type=\u00bb1_4&#8243; _builder_version=\u00bb4.17.6&#8243; _module_preset=\u00bbdefault\u00bb global_colors_info=\u00bb{}\u00bb][et_pb_blurb title=\u00bbSeguridad\u00bb use_icon=\u00bbon\u00bb font_icon=\u00bb&#xe0d9;||divi||400&#8243; icon_color=\u00bb#FFFFFF\u00bb image_icon_width=\u00bb70px\u00bb _builder_version=\u00bb4.23&#8243; _module_preset=\u00bbdefault\u00bb header_level=\u00bbh2&#8243; header_font=\u00bb||||||||\u00bb header_text_align=\u00bbcenter\u00bb header_text_color=\u00bb#FFFFFF\u00bb header_font_size=\u00bb22px\u00bb body_font=\u00bb|300|||||||\u00bb body_text_align=\u00bbcenter\u00bb body_text_color=\u00bb#FFFFFF\u00bb body_font_size=\u00bb0.9em\u00bb global_colors_info=\u00bb{}\u00bb]<\/p>\n<p>Planta de producci\u00f3n certificada GMP y HACCP en Italia. Controla al\u00e9rgenos, bacterias y metales pesados. Todos los productos son libres de gluten.<\/p>\n<p>[\/et_pb_blurb][\/et_pb_column][\/et_pb_row][et_pb_row _builder_version=\u00bb4.19.5&#8243; _module_preset=\u00bbdefault\u00bb global_colors_info=\u00bb{}\u00bb][et_pb_column type=\u00bb4_4&#8243; _builder_version=\u00bb4.19.5&#8243; _module_preset=\u00bbdefault\u00bb global_colors_info=\u00bb{}\u00bb][et_pb_button button_url=\u00bb@ET-DC@eyJkeW5hbWljIjp0cnVlLCJjb250ZW50IjoicG9zdF9saW5rX3VybF9wYWdlIiwic2V0dGluZ3MiOnsicG9zdF9pZCI6IjI1MDk3MSJ9fQ==@\u00bb button_text=\u00bbLea la misi\u00f3n de nuestra empresa\u00bb button_alignment=\u00bbcenter\u00bb _builder_version=\u00bb4.23&#8243; _dynamic_attributes=\u00bbbutton_url\u00bb _module_preset=\u00bbdefault\u00bb custom_button=\u00bbon\u00bb button_text_size=\u00bb1em\u00bb button_bg_color=\u00bb#2B6CB0&#8243; button_border_width=\u00bb0px\u00bb button_font=\u00bb||||||||\u00bb button_use_icon=\u00bboff\u00bb custom_padding=\u00bb8px||8px||true|false\u00bb button_border_color_last_edited=\u00bboff|desktop\u00bb custom_css_main_element=\u00bbfont-weight: 400;\u00bb global_colors_info=\u00bb{}\u00bb button_bg_color__hover_enabled=\u00bbon|desktop\u00bb button_bg_color__hover=\u00bb#E3752C\u00bb button_bg_enable_color__hover=\u00bbon\u00bb transform_styles__hover_enabled=\u00bbon|hover\u00bb transform_scale__hover_enabled=\u00bbon|hover\u00bb transform_translate__hover_enabled=\u00bbon|desktop\u00bb transform_rotate__hover_enabled=\u00bbon|desktop\u00bb transform_skew__hover_enabled=\u00bbon|desktop\u00bb transform_origin__hover_enabled=\u00bbon|desktop\u00bb transform_scale__hover=\u00bb102%|102%\u00bb][\/et_pb_button][\/et_pb_column][\/et_pb_row][\/et_pb_section]<\/p>\n","protected":false},"excerpt":{"rendered":"<p>Visita nuestra tienda en l\u00edneaProductos destacadosEn evidenciaMasurota y la microbiota intestinal En 2020, Deltha Pharma inici\u00f3 una valiosa colaboraci\u00f3n con la Universit\u00e0 Cattolica del Sacro Cuore, en particular con el profesor Cammarota y el profesor Masucci del Hospital Policl\u00ednico A. Gemelli de Roma.El resultado de esta colaboraci\u00f3n es MASUROTA, una l\u00ednea de probi\u00f3ticos patentados, con [&hellip;]<\/p>\n","protected":false},"author":1,"featured_media":0,"parent":0,"menu_order":0,"comment_status":"closed","ping_status":"closed","template":"","meta":{"_et_pb_use_builder":"on","_et_pb_old_content":"","_et_gb_content_width":"","footnotes":""},"class_list":["post-73","page","type-page","status-publish","hentry"],"_links":{"self":[{"href":"https:\/\/delthapharma.com\/es\/wp-json\/wp\/v2\/pages\/73","targetHints":{"allow":["GET"]}}],"collection":[{"href":"https:\/\/delthapharma.com\/es\/wp-json\/wp\/v2\/pages"}],"about":[{"href":"https:\/\/delthapharma.com\/es\/wp-json\/wp\/v2\/types\/page"}],"author":[{"embeddable":true,"href":"https:\/\/delthapharma.com\/es\/wp-json\/wp\/v2\/users\/1"}],"replies":[{"embeddable":true,"href":"https:\/\/delthapharma.com\/es\/wp-json\/wp\/v2\/comments?post=73"}],"version-history":[{"count":0,"href":"https:\/\/delthapharma.com\/es\/wp-json\/wp\/v2\/pages\/73\/revisions"}],"wp:attachment":[{"href":"https:\/\/delthapharma.com\/es\/wp-json\/wp\/v2\/media?parent=73"}],"curies":[{"name":"wp","href":"https:\/\/api.w.org\/{rel}","templated":true}]}}